{"id":1925,"date":"2023-08-03T18:26:32","date_gmt":"2023-08-03T16:26:32","guid":{"rendered":"https:\/\/oaklandgrp.com\/legal\/"},"modified":"2023-08-03T18:33:29","modified_gmt":"2023-08-03T16:33:29","slug":"mentions-legales","status":"publish","type":"page","link":"https:\/\/oaklandgrp.com\/fr\/mentions-legales\/","title":{"rendered":"Mentions l\u00e9gales"},"content":{"rendered":"<div class=\"wpb-content-wrapper\"><p>[vc_row full_width=\u00a0\u00bbstretch_row\u00a0\u00bb remove_padding=\u00a0\u00bbno-padding-vc-row\u00a0\u00bb bg_type=\u00a0\u00bbimage\u00a0\u00bb parallax_style=\u00a0\u00bbvcpb-vz-jquery\u00a0\u00bb bg_image_new=\u00a0\u00bbid^104|url^https:\/\/oaklandgrp.com\/wp-content\/uploads\/2022\/03\/head-oakland-about.jpg|caption^null|alt^null|title^head-oakland-about|description^null\u00a0\u00bb bg_image_repeat=\u00a0\u00bbno-repeat\u00a0\u00bb bg_override=\u00a0\u00bbex-full\u00a0\u00bb css=\u00a0\u00bb.vc_custom_1648216607624{padding-top: 150px !important;padding-bottom: 150px !important;}\u00a0\u00bb][vc_column offset=\u00a0\u00bbvc_col-lg-offset-2 vc_col-lg-8 vc_col-md-offset-1 vc_col-md-10&Prime;][vc_column_text el_class=\u00a0\u00bbtitre-data-white-about\u00a0\u00bb]<\/p>\n<p style=\"text-align: center;\">OAKland Group<br \/>\nMentions l\u00e9gales<\/p>\n<p>[\/vc_column_text][\/vc_column][\/vc_row][vc_row full_width=\u00a0\u00bbstretch_row\u00a0\u00bb remove_padding=\u00a0\u00bbno-padding-vc-row\u00a0\u00bb css=\u00a0\u00bb.vc_custom_1647357150216{margin-top: 50px !important;}\u00a0\u00bb][vc_column offset=\u00a0\u00bbvc_col-lg-offset-0 vc_col-lg-12 vc_col-md-offset-0 vc_col-md-12&Prime;][vc_column_text el_class=\u00a0\u00bbparagraphe\u00a0\u00bb css=\u00a0\u00bb.vc_custom_1691080168564{padding-top: 30px !important;}\u00a0\u00bb]Version 1.0<\/p>\n<h2>INFORMATIONS \u00c9DITORIALES<\/h2>\n<h3>\u00c9diteur<\/h3>\n<p>Le Site Web est d\u00e9tenu et exploit\u00e9 par TechAgency S\u00e0rl, soci\u00e9t\u00e9 \u00e0 responsabilit\u00e9 limit\u00e9e, au capital social de 20\u2019000 CHF, dont le si\u00e8ge social est situ\u00e9 37, chemin Jacques-Philibert de Sauvage, 1219 Chatelaine \u2013 Suisse, immatricul\u00e9e sous le num\u00e9ro CHE-367.723.429, repr\u00e9sent\u00e9e par M James NAUFFRAY agissant et ayant les pouvoirs n\u00e9cessaires en tant que pr\u00e9sident.<\/p>\n<p>La soci\u00e9t\u00e9 TechAgency S\u00e0rl est assujettie \u00e0 la TVA et identifi\u00e9e par le num\u00e9ro individuel d\u2019identification CHE-367.723.429 MWST.<\/p>\n<p>Directeur de la publication : James NAUFFRAY<\/p>\n<h2>INFORMATIONS TECHNIQUES<\/h2>\n<h3>H\u00e9bergement :<\/h3>\n<p><a title=\"https:\/\/www.ovh.com\/fr\/\" href=\"https:\/\/www.ovh.com\/fr\/\">OVH<\/a><br \/>\n2 rue Kellermann<br \/>\n59100 Roubaix<br \/>\nFrance<\/p>\n<h3>R\u00e9alisation technique :<\/h3>\n<p><a title=\"https:\/\/www.lesnovateurs.com\/\" href=\"https:\/\/www.lesnovateurs.com\/\">Les Novateurs<\/a><br \/>\nLes Roches<br \/>\n37160 Abilly<br \/>\nTel. : <a href=\"tel:+33620163084\">+ 33 (0)6 20 16 30 84<\/a><br \/>\nE-mail : <a title=\"mailto:contact@lesnovateurs.com\" href=\"mailto:contact@lesnovateurs.com\">contact@lesnovateurs.com<\/a><\/p>\n<h2>PROPRI\u00c9T\u00c9 INTELLECTUELLE<\/h2>\n<p>L\u2019ensemble du Site Web, y compris le logiciel, les contenus, les noms, appellations et logos distinctifs de TECHAGENCY et des diff\u00e9rentes marques du Groupe OAkland, le marketing de produits et de services, ainsi que toutes les marques, noms commerciaux, dessins, images, droits d\u2019auteur, informations brevet\u00e9es, textes, graphismes, vid\u00e9os, images fixes ou anim\u00e9es, sons, ic\u00f4nes, proc\u00e9dures, produits, technologie, documents t\u00e9l\u00e9chargeables et savoir-faire g\u00e9n\u00e9ral, mais aussi tout autre droit de propri\u00e9t\u00e9 intellectuelle du Site Web, ou de ce qu\u2019il contient, sont la propri\u00e9t\u00e9 exclusive de TECHAGENCY ou de ses conc\u00e9dants.<\/p>\n<p>L\u2019acc\u00e8s et l\u2019utilisation du Site web ne sauraient \u00eatre interpr\u00e9t\u00e9s comme accordant une licence \u00e0 l\u2019\u00e9gard de ces droits de propri\u00e9t\u00e9, quels qu\u2019ils soient.<\/p>\n<p>Toute utilisation, copie, repr\u00e9sentation, reproduction, diffusion, t\u00e9l\u00e9chargement, publication, transfert ou distribution, totale ou partielle des \u00e9l\u00e9ments de ce Site Web, quel que soit le moyen utilis\u00e9, est strictement interdite, sans l\u2019autorisation expresse de TECHAGENCY. Tout manquement \u00e0 ces restrictions sera consid\u00e9r\u00e9 comme constitutif d\u2019une contrefa\u00e7on pouvant engager la responsabilit\u00e9 civile et p\u00e9nale de son auteur.<\/p>\n<p>De m\u00eame, il est strictement interdit d\u2019utiliser ou de reproduire le nom TECHAGENCY et\/ou son logo, ou toute version d\u00e9riv\u00e9e de celui-ci. Toute reproduction totale ou partielle de ces marques et\/ou logos, sans l\u2019autorisation expresse de TECHAGENCY est interdite.<\/p>\n<p>Cette restriction s\u2019applique \u00e9galement aux marques et\/ou logos des partenaires commerciaux de TECHAGENCY pr\u00e9sents sur le Site Web.<\/p>\n<h2>CONFIDENTIALIT\u00c9 DES DONN\u00c9ES<\/h2>\n<p>Nous respectons votre vie priv\u00e9e. La politique de confidentialit\u00e9 de TECHAGENCY \u00e9tablit la mani\u00e8re dont TECHAGENCY utilise et prot\u00e8ge les donn\u00e9es personnelles que vous pouvez \u00eatre amen\u00e9 \u00e0 nous communiquer lorsque vous utilisez ce Site Web et peut \u00eatre consult\u00e9e en ligne.<\/p>\n<h2>RESPONSABILIT\u00c9<\/h2>\n<p>Malgr\u00e9 tout le soin apport\u00e9 afin d\u2019assurer la fiabilit\u00e9 des informations contenues sur ce site, TECHAGENCY d\u00e9cline toute responsabilit\u00e9 du fait d\u2019erreurs, d\u2019omissions, ou pour les r\u00e9sultats qui pourraient \u00eatre obtenus de par l\u2019usage de ces informations.<\/p>\n<p>Toutes les personnes qui naviguent, lisent, visualisent et utilisent le site <a title=\"http:\/\/www.oaklandgrp.com\" href=\"http:\/\/www.oaklandgrp.com\">www.oaklandgrp.com<\/a> sont consid\u00e9r\u00e9es comme des Utilisateurs.<\/p>\n<p>Les informations contenues sur le Site Web ont un caract\u00e8re strictement informatif, elles n\u2019emportent aucun engagement juridique ni accord contractuel, implicite ou explicite, de la part de TECHAGENCY qui se r\u00e9serve \u00e9galement le droit d\u2019en modifier les caract\u00e9ristiques \u00e0 tout moment.<\/p>\n<p>Le Site Web peut comporter des liens vers d\u2019autres sites ou d\u2019autres sources Internet. Dans la mesure o\u00f9 TECHAGENCY ne peut contr\u00f4ler ces sites et ces sources externes, TECHAGENCY ne peut \u00eatre tenue pour responsable de ces derniers et d\u00e9cline toute responsabilit\u00e9 quant au contenu, \u00e0 la publicit\u00e9, aux produits, aux services et \u00e0 tout autre mat\u00e9riel disponible sur ou \u00e0 partir de ces derniers. En outre, TECHAGENCY ne peut \u00eatre tenue pour responsable de tous dommages ou pertes, av\u00e9r\u00e9s ou all\u00e9gu\u00e9s, en relation avec l\u2019utilisation ou avec le fait d\u2019avoir fait confiance au contenu, aux biens et aux services disponibles sur ces sites ou sources externes.<\/p>\n<h2>LOI APPLICABLE ET JURIDICTION<\/h2>\n<p>Les pr\u00e9sentes mentions l\u00e9gales sont r\u00e9gies et interpr\u00e9t\u00e9es selon le droit Suisse.<\/p>\n<p>\u00c0 d\u00e9faut de r\u00e9solution amiable, tout diff\u00e9rend portant sur ce Site Web et ses mentions l\u00e9gales rel\u00e8vera de la comp\u00e9tence des tribunaux Suisse.<\/p>\n<h2>CONTACT<\/h2>\n<p>Pour signaler tout contenu ou activit\u00e9s illicites, l\u2019Utilisateur peut contacter TECHAGENCY en remplissant le formulaire \u00ab Contact \u00bb ou en adressant votre demande \u00e0 l\u2019adresse\u00a0<strong><a title=\"mailto:contact@oaklandgrp.com\" href=\"mailto:contact@oaklandgrp.com\">contact@oaklandgrp.com<\/a><\/strong>[\/vc_column_text][\/vc_column][\/vc_row]<\/p>\n<\/div>","protected":false},"excerpt":{"rendered":"<p>[vc_row full_width=\u00a0\u00bbstretch_row\u00a0\u00bb remove_padding=\u00a0\u00bbno-padding-vc-row\u00a0\u00bb bg_type=\u00a0\u00bbimage\u00a0\u00bb parallax_style=\u00a0\u00bbvcpb-vz-jquery\u00a0\u00bb bg_image_new=\u00a0\u00bbid^104|url^https:\/\/oaklandgrp.com\/wp-content\/uploads\/2022\/03\/head-oakland-about.jpg|caption^null|alt^null|title^head-oakland-about|description^null\u00a0\u00bb bg_image_repeat=\u00a0\u00bbno-repeat\u00a0\u00bb bg_override=\u00a0\u00bbex-full\u00a0\u00bb css=\u00a0\u00bb.vc_custom_1648216607624{padding-top: 150px !important;padding-bottom: 150px !important;}\u00a0\u00bb][vc_column offset=\u00a0\u00bbvc_col-lg-offset-2 vc_col-lg-8 vc_col-md-offset-1 vc_col-md-10&Prime;][vc_column_text el_class=\u00a0\u00bbtitre-data-white-about\u00a0\u00bb] OAKland Group Mentions l\u00e9gales [\/vc_column_text][\/vc_column][\/vc_row][vc_row full_width=\u00a0\u00bbstretch_row\u00a0\u00bb remove_padding=\u00a0\u00bbno-padding-vc-row\u00a0\u00bb css=\u00a0\u00bb.vc_custom_1647357150216{margin-top: 50px !important;}\u00a0\u00bb][vc_column offset=\u00a0\u00bbvc_col-lg-offset-0 vc_col-lg-12 vc_col-md-offset-0 vc_col-md-12&Prime;][vc_column_text el_class=\u00a0\u00bbparagraphe\u00a0\u00bb css=\u00a0\u00bb.vc_custom_1691080168564{padding-top: 30px !important;}\u00a0\u00bb]Version 1.0 INFORMATIONS \u00c9DITORIALES \u00c9diteur&#8230;<\/p>\n","protected":false},"author":2,"featured_media":0,"parent":0,"menu_order":0,"comment_status":"closed","ping_status":"closed","template":"","meta":{"footnotes":""},"class_list":["post-1925","page","type-page","status-publish","hentry"],"yoast_head":"<!-- This site is optimized with the Yoast SEO plugin v27.4 - https:\/\/yoast.com\/product\/yoast-seo-wordpress\/ -->\n<title>Mentions l\u00e9gales - Oakland Group<\/title>\n<meta name=\"robots\" content=\"index, follow, max-snippet:-1, max-image-preview:large, max-video-preview:-1\" \/>\n<link rel=\"canonical\" href=\"https:\/\/oaklandgrp.com\/fr\/mentions-legales\/\" \/>\n<meta property=\"og:locale\" content=\"fr_FR\" \/>\n<meta property=\"og:type\" content=\"article\" \/>\n<meta property=\"og:title\" content=\"Mentions l\u00e9gales - Oakland Group\" \/>\n<meta property=\"og:description\" content=\"[vc_row full_width=\u00a0\u00bbstretch_row\u00a0\u00bb remove_padding=\u00a0\u00bbno-padding-vc-row\u00a0\u00bb bg_type=\u00a0\u00bbimage\u00a0\u00bb parallax_style=\u00a0\u00bbvcpb-vz-jquery\u00a0\u00bb bg_image_new=\u00a0\u00bbid^104|url^https:\/\/oaklandgrp.com\/wp-content\/uploads\/2022\/03\/head-oakland-about.jpg|caption^null|alt^null|title^head-oakland-about|description^null\u00a0\u00bb bg_image_repeat=\u00a0\u00bbno-repeat\u00a0\u00bb bg_override=\u00a0\u00bbex-full\u00a0\u00bb css=\u00a0\u00bb.vc_custom_1648216607624{padding-top: 150px !important;padding-bottom: 150px !important;}\u00a0\u00bb][vc_column offset=\u00a0\u00bbvc_col-lg-offset-2 vc_col-lg-8 vc_col-md-offset-1 vc_col-md-10&Prime;][vc_column_text el_class=\u00a0\u00bbtitre-data-white-about\u00a0\u00bb] OAKland Group Mentions l\u00e9gales [\/vc_column_text][\/vc_column][\/vc_row][vc_row full_width=\u00a0\u00bbstretch_row\u00a0\u00bb remove_padding=\u00a0\u00bbno-padding-vc-row\u00a0\u00bb css=\u00a0\u00bb.vc_custom_1647357150216{margin-top: 50px !important;}\u00a0\u00bb][vc_column offset=\u00a0\u00bbvc_col-lg-offset-0 vc_col-lg-12 vc_col-md-offset-0 vc_col-md-12&Prime;][vc_column_text el_class=\u00a0\u00bbparagraphe\u00a0\u00bb css=\u00a0\u00bb.vc_custom_1691080168564{padding-top: 30px !important;}\u00a0\u00bb]Version 1.0 INFORMATIONS \u00c9DITORIALES \u00c9diteur...\" \/>\n<meta property=\"og:url\" content=\"https:\/\/oaklandgrp.com\/fr\/mentions-legales\/\" \/>\n<meta property=\"og:site_name\" content=\"Oakland Group\" \/>\n<meta property=\"article:modified_time\" content=\"2023-08-03T16:33:29+00:00\" \/>\n<meta property=\"og:image\" content=\"https:\/\/oaklandgrp.com\/wp-content\/uploads\/2023\/11\/Logo-Kim-sans-posi-copie.png\" \/>\n\t<meta property=\"og:image:width\" content=\"1200\" \/>\n\t<meta property=\"og:image:height\" content=\"675\" \/>\n\t<meta property=\"og:image:type\" content=\"image\/png\" \/>\n<meta name=\"twitter:card\" content=\"summary_large_image\" \/>\n<meta name=\"twitter:label1\" content=\"Dur\u00e9e de lecture estim\u00e9e\" \/>\n\t<meta name=\"twitter:data1\" content=\"3 minutes\" \/>\n<script type=\"application\/ld+json\" class=\"yoast-schema-graph\">{\"@context\":\"https:\\\/\\\/schema.org\",\"@graph\":[{\"@type\":\"WebPage\",\"@id\":\"https:\\\/\\\/oaklandgrp.com\\\/fr\\\/mentions-legales\\\/\",\"url\":\"https:\\\/\\\/oaklandgrp.com\\\/fr\\\/mentions-legales\\\/\",\"name\":\"Mentions l\u00e9gales - Oakland Group\",\"isPartOf\":{\"@id\":\"https:\\\/\\\/oaklandgrp.com\\\/#website\"},\"datePublished\":\"2023-08-03T16:26:32+00:00\",\"dateModified\":\"2023-08-03T16:33:29+00:00\",\"breadcrumb\":{\"@id\":\"https:\\\/\\\/oaklandgrp.com\\\/fr\\\/mentions-legales\\\/#breadcrumb\"},\"inLanguage\":\"fr-FR\",\"potentialAction\":[{\"@type\":\"ReadAction\",\"target\":[\"https:\\\/\\\/oaklandgrp.com\\\/fr\\\/mentions-legales\\\/\"]}]},{\"@type\":\"BreadcrumbList\",\"@id\":\"https:\\\/\\\/oaklandgrp.com\\\/fr\\\/mentions-legales\\\/#breadcrumb\",\"itemListElement\":[{\"@type\":\"ListItem\",\"position\":1,\"name\":\"Home\",\"item\":\"https:\\\/\\\/oaklandgrp.com\\\/fr\\\/\"},{\"@type\":\"ListItem\",\"position\":2,\"name\":\"Mentions l\u00e9gales\"}]},{\"@type\":\"WebSite\",\"@id\":\"https:\\\/\\\/oaklandgrp.com\\\/#website\",\"url\":\"https:\\\/\\\/oaklandgrp.com\\\/\",\"name\":\"Oakland Group\",\"description\":\"Asset Your Business Data\",\"publisher\":{\"@id\":\"https:\\\/\\\/oaklandgrp.com\\\/#organization\"},\"potentialAction\":[{\"@type\":\"SearchAction\",\"target\":{\"@type\":\"EntryPoint\",\"urlTemplate\":\"https:\\\/\\\/oaklandgrp.com\\\/?s={search_term_string}\"},\"query-input\":{\"@type\":\"PropertyValueSpecification\",\"valueRequired\":true,\"valueName\":\"search_term_string\"}}],\"inLanguage\":\"fr-FR\"},{\"@type\":\"Organization\",\"@id\":\"https:\\\/\\\/oaklandgrp.com\\\/#organization\",\"name\":\"Oakland Group\",\"url\":\"https:\\\/\\\/oaklandgrp.com\\\/\",\"logo\":{\"@type\":\"ImageObject\",\"inLanguage\":\"fr-FR\",\"@id\":\"https:\\\/\\\/oaklandgrp.com\\\/#\\\/schema\\\/logo\\\/image\\\/\",\"url\":\"\",\"contentUrl\":\"\",\"caption\":\"Oakland Group\"},\"image\":{\"@id\":\"https:\\\/\\\/oaklandgrp.com\\\/#\\\/schema\\\/logo\\\/image\\\/\"}}]}<\/script>\n<!-- \/ Yoast SEO plugin. -->","yoast_head_json":{"title":"Mentions l\u00e9gales - Oakland Group","robots":{"index":"index","follow":"follow","max-snippet":"max-snippet:-1","max-image-preview":"max-image-preview:large","max-video-preview":"max-video-preview:-1"},"canonical":"https:\/\/oaklandgrp.com\/fr\/mentions-legales\/","og_locale":"fr_FR","og_type":"article","og_title":"Mentions l\u00e9gales - Oakland Group","og_description":"[vc_row full_width=\u00a0\u00bbstretch_row\u00a0\u00bb remove_padding=\u00a0\u00bbno-padding-vc-row\u00a0\u00bb bg_type=\u00a0\u00bbimage\u00a0\u00bb parallax_style=\u00a0\u00bbvcpb-vz-jquery\u00a0\u00bb bg_image_new=\u00a0\u00bbid^104|url^https:\/\/oaklandgrp.com\/wp-content\/uploads\/2022\/03\/head-oakland-about.jpg|caption^null|alt^null|title^head-oakland-about|description^null\u00a0\u00bb bg_image_repeat=\u00a0\u00bbno-repeat\u00a0\u00bb bg_override=\u00a0\u00bbex-full\u00a0\u00bb css=\u00a0\u00bb.vc_custom_1648216607624{padding-top: 150px !important;padding-bottom: 150px !important;}\u00a0\u00bb][vc_column offset=\u00a0\u00bbvc_col-lg-offset-2 vc_col-lg-8 vc_col-md-offset-1 vc_col-md-10&Prime;][vc_column_text el_class=\u00a0\u00bbtitre-data-white-about\u00a0\u00bb] OAKland Group Mentions l\u00e9gales [\/vc_column_text][\/vc_column][\/vc_row][vc_row full_width=\u00a0\u00bbstretch_row\u00a0\u00bb remove_padding=\u00a0\u00bbno-padding-vc-row\u00a0\u00bb css=\u00a0\u00bb.vc_custom_1647357150216{margin-top: 50px !important;}\u00a0\u00bb][vc_column offset=\u00a0\u00bbvc_col-lg-offset-0 vc_col-lg-12 vc_col-md-offset-0 vc_col-md-12&Prime;][vc_column_text el_class=\u00a0\u00bbparagraphe\u00a0\u00bb css=\u00a0\u00bb.vc_custom_1691080168564{padding-top: 30px !important;}\u00a0\u00bb]Version 1.0 INFORMATIONS \u00c9DITORIALES \u00c9diteur...","og_url":"https:\/\/oaklandgrp.com\/fr\/mentions-legales\/","og_site_name":"Oakland Group","article_modified_time":"2023-08-03T16:33:29+00:00","og_image":[{"width":1200,"height":675,"url":"https:\/\/oaklandgrp.com\/wp-content\/uploads\/2023\/11\/Logo-Kim-sans-posi-copie.png","type":"image\/png"}],"twitter_card":"summary_large_image","twitter_misc":{"Dur\u00e9e de lecture estim\u00e9e":"3 minutes"},"schema":{"@context":"https:\/\/schema.org","@graph":[{"@type":"WebPage","@id":"https:\/\/oaklandgrp.com\/fr\/mentions-legales\/","url":"https:\/\/oaklandgrp.com\/fr\/mentions-legales\/","name":"Mentions l\u00e9gales - Oakland Group","isPartOf":{"@id":"https:\/\/oaklandgrp.com\/#website"},"datePublished":"2023-08-03T16:26:32+00:00","dateModified":"2023-08-03T16:33:29+00:00","breadcrumb":{"@id":"https:\/\/oaklandgrp.com\/fr\/mentions-legales\/#breadcrumb"},"inLanguage":"fr-FR","potentialAction":[{"@type":"ReadAction","target":["https:\/\/oaklandgrp.com\/fr\/mentions-legales\/"]}]},{"@type":"BreadcrumbList","@id":"https:\/\/oaklandgrp.com\/fr\/mentions-legales\/#breadcrumb","itemListElement":[{"@type":"ListItem","position":1,"name":"Home","item":"https:\/\/oaklandgrp.com\/fr\/"},{"@type":"ListItem","position":2,"name":"Mentions l\u00e9gales"}]},{"@type":"WebSite","@id":"https:\/\/oaklandgrp.com\/#website","url":"https:\/\/oaklandgrp.com\/","name":"Oakland Group","description":"Asset Your Business Data","publisher":{"@id":"https:\/\/oaklandgrp.com\/#organization"},"potentialAction":[{"@type":"SearchAction","target":{"@type":"EntryPoint","urlTemplate":"https:\/\/oaklandgrp.com\/?s={search_term_string}"},"query-input":{"@type":"PropertyValueSpecification","valueRequired":true,"valueName":"search_term_string"}}],"inLanguage":"fr-FR"},{"@type":"Organization","@id":"https:\/\/oaklandgrp.com\/#organization","name":"Oakland Group","url":"https:\/\/oaklandgrp.com\/","logo":{"@type":"ImageObject","inLanguage":"fr-FR","@id":"https:\/\/oaklandgrp.com\/#\/schema\/logo\/image\/","url":"","contentUrl":"","caption":"Oakland Group"},"image":{"@id":"https:\/\/oaklandgrp.com\/#\/schema\/logo\/image\/"}}]}},"_links":{"self":[{"href":"https:\/\/oaklandgrp.com\/fr\/wp-json\/wp\/v2\/pages\/1925","targetHints":{"allow":["GET"]}}],"collection":[{"href":"https:\/\/oaklandgrp.com\/fr\/wp-json\/wp\/v2\/pages"}],"about":[{"href":"https:\/\/oaklandgrp.com\/fr\/wp-json\/wp\/v2\/types\/page"}],"author":[{"embeddable":true,"href":"https:\/\/oaklandgrp.com\/fr\/wp-json\/wp\/v2\/users\/2"}],"replies":[{"embeddable":true,"href":"https:\/\/oaklandgrp.com\/fr\/wp-json\/wp\/v2\/comments?post=1925"}],"version-history":[{"count":0,"href":"https:\/\/oaklandgrp.com\/fr\/wp-json\/wp\/v2\/pages\/1925\/revisions"}],"wp:attachment":[{"href":"https:\/\/oaklandgrp.com\/fr\/wp-json\/wp\/v2\/media?parent=1925"}],"curies":[{"name":"wp","href":"https:\/\/api.w.org\/{rel}","templated":true}]}}