{"id":2565,"date":"2024-02-16T16:51:48","date_gmt":"2024-02-16T15:51:48","guid":{"rendered":"https:\/\/oaklandgrp.com\/data-quality\/"},"modified":"2024-12-30T14:20:09","modified_gmt":"2024-12-30T13:20:09","slug":"data-quality","status":"publish","type":"page","link":"https:\/\/oaklandgrp.com\/fr\/data-quality\/","title":{"rendered":"Qualit\u00e9 des donn\u00e9es"},"content":{"rendered":"<div class=\"wpb-content-wrapper\"><p>[vc_row full_width=\u00a0\u00bbstretch_row\u00a0\u00bb remove_padding=\u00a0\u00bbno-padding-vc-row\u00a0\u00bb bg_type=\u00a0\u00bbimage\u00a0\u00bb parallax_style=\u00a0\u00bbvcpb-vz-jquery\u00a0\u00bb bg_image_new=\u00a0\u00bbid^2047|url^https:\/\/oaklandgrp.com\/wp-content\/uploads\/2024\/02\/oakspring-bg.jpg|caption^null|alt^null|title^head-oakroots-data-activation|description^null\u00a0\u00bb bg_image_repeat=\u00a0\u00bbno-repeat\u00a0\u00bb bg_override=\u00a0\u00bbfull\u00a0\u00bb css=\u00a0\u00bb.vc_custom_1648216672206{padding-top: 20px !important;padding-bottom: 50px !important;}\u00a0\u00bb][vc_column][vc_column_text el_class=\u00a0\u00bbtitre-service\u00a0\u00bb]<\/p>\n<h2 style=\"text-align: left;\">Qualit\u00e9 des donn\u00e9es<\/h2>\n<p>[\/vc_column_text][vc_single_image image=\u00a0\u00bb2044&Prime; img_size=\u00a0\u00bbfull\u00a0\u00bb alignment=\u00a0\u00bbcenter\u00a0\u00bb el_class=\u00a0\u00bblogo-service\u00a0\u00bb][vc_column_text el_class=\u00a0\u00bbtitre-data-white-oakseeds\u00a0\u00bb]<\/p>\n<p style=\"text-align: center;\">Transformez vos donn\u00e9es de contact en opportunit\u00e9s en or<\/p>\n<p>[\/vc_column_text][vc_column_text el_class=\u00a0\u00bbparagraphe-white-slider\u00a0\u00bb]<\/p>\n<p style=\"text-align: center;\">Appuyez-vous sur des donn\u00e9es claires, pertinentes et actualis\u00e9es pour garantir l&rsquo;efficacit\u00e9 de votre entreprise !<\/p>\n<p>[\/vc_column_text][\/vc_column][\/vc_row][vc_row full_width=\u00a0\u00bbstretch_row\u00a0\u00bb remove_padding=\u00a0\u00bbno-padding-vc-row\u00a0\u00bb css=\u00a0\u00bb.vc_custom_1647357150216{margin-top: 50px !important;}\u00a0\u00bb][vc_column offset=\u00a0\u00bbvc_col-lg-offset-2 vc_col-lg-8 vc_col-md-offset-1 vc_col-md-10&Prime;]<div id=\"ultimate-heading-481069d4a04cc8fac\" class=\"uvc-heading ult-adjust-bottom-margin ultimate-heading-481069d4a04cc8fac uvc-2131 titre-gris\" data-hspacer=\"no_spacer\"  data-halign=\"center\" style=\"text-align:center\"><div class=\"uvc-heading-spacer no_spacer\" style=\"top\"><\/div><div class=\"uvc-main-heading ult-responsive\"  data-ultimate-target='.uvc-heading.ultimate-heading-481069d4a04cc8fac h2'  data-responsive-json-new='{\"font-size\":\"\",\"line-height\":\"\"}' ><h2 style=\"font-weight:normal;\">VOS ENJEUX<\/h2><\/div><\/div>[\/vc_column][\/vc_row][vc_row full_width=\u00a0\u00bbstretch_row\u00a0\u00bb equal_height=\u00a0\u00bbyes\u00a0\u00bb remove_padding=\u00a0\u00bbno-padding-vc-row\u00a0\u00bb css=\u00a0\u00bb.vc_custom_1647436372899{margin-top: 50px !important;}\u00a0\u00bb][vc_column width=\u00a0\u00bb1\/3&Prime; css=\u00a0\u00bb.vc_custom_1647436938597{margin-top: 10px !important;margin-right: 10px !important;margin-bottom: 10px !important;margin-left: 10px !important;border-top-width: 1px !important;border-right-width: 1px !important;border-bottom-width: 1px !important;border-left-width: 1px !important;padding-top: 20px !important;padding-right: 20px !important;padding-bottom: 20px !important;padding-left: 20px !important;border-left-color: #cfcfcf !important;border-left-style: solid !important;border-right-color: #cfcfcf !important;border-right-style: solid !important;border-top-color: #cfcfcf !important;border-top-style: solid !important;border-bottom-color: #cfcfcf !important;border-bottom-style: solid !important;}\u00a0\u00bb][vc_single_image image=\u00a0\u00bb2009&Prime; img_size=\u00a0\u00bbfull\u00a0\u00bb alignment=\u00a0\u00bbcenter\u00a0\u00bb el_class=\u00a0\u00bbservice-picto\u00a0\u00bb][vc_column_text el_class=\u00a0\u00bbservice-titre-picto\u00a0\u00bb]<\/p>\n<p style=\"text-align: center;\">Stimulez<br \/>\nvos relations<\/p>\n<p>[\/vc_column_text][vc_column_text el_class=\u00a0\u00bbparagraphe\u00a0\u00bb]<\/p>\n<p style=\"text-align: center;\">Fiabilisez vos interactions avec vos contacts et assurez la conformit\u00e9 de vos relations avec les proc\u00e9dures de due diligence et de d\u00e9tection des fraudes. Optimisez vos campagnes marketing, consolidez le support client, ma\u00eetrisez vos cycles de vente et am\u00e9liorez le ciblage de la prospection pour plus de r\u00e9sultats<\/p>\n<p>[\/vc_column_text][\/vc_column][vc_column width=\u00a0\u00bb1\/3&Prime; css=\u00a0\u00bb.vc_custom_1647436954135{margin-top: 10px !important;margin-right: 10px !important;margin-bottom: 10px !important;margin-left: 10px !important;border-top-width: 1px !important;border-right-width: 1px !important;border-bottom-width: 1px !important;border-left-width: 1px !important;padding-top: 20px !important;padding-right: 20px !important;padding-bottom: 20px !important;padding-left: 20px !important;border-left-color: #cfcfcf !important;border-left-style: solid !important;border-right-color: #cfcfcf !important;border-right-style: solid !important;border-top-color: #cfcfcf !important;border-top-style: solid !important;border-bottom-color: #cfcfcf !important;border-bottom-style: solid !important;}\u00a0\u00bb][vc_single_image image=\u00a0\u00bb2007&Prime; img_size=\u00a0\u00bbfull\u00a0\u00bb alignment=\u00a0\u00bbcenter\u00a0\u00bb el_class=\u00a0\u00bbservice-picto\u00a0\u00bb][vc_column_text el_class=\u00a0\u00bbservice-titre-picto\u00a0\u00bb]<\/p>\n<p style=\"text-align: center;\">Consolidez<br \/>\nvotre r\u00e9seau<\/p>\n<p>[\/vc_column_text][vc_column_text el_class=\u00a0\u00bbparagraphe\u00a0\u00bb]<\/p>\n<p style=\"text-align: center;\">Cr\u00e9ez des liens interg\u00e9n\u00e9rationnels, entretenez vos cotisants, soutenez les membres dans leur carri\u00e8re et portez haut les couleurs de votre organisation. Ensemble, vous pouvez construire un avenir prometteur en favorisant l&rsquo;\u00e9change, la stabilit\u00e9 financi\u00e8re et le d\u00e9veloppement professionnel, et en incarnant vos valeurs avec fiert\u00e9.<\/p>\n<p>[\/vc_column_text][\/vc_column][vc_column width=\u00a0\u00bb1\/3&Prime; css=\u00a0\u00bb.vc_custom_1647436970844{margin-top: 10px !important;margin-right: 10px !important;margin-bottom: 10px !important;margin-left: 10px !important;border-top-width: 1px !important;border-right-width: 1px !important;border-bottom-width: 1px !important;border-left-width: 1px !important;padding-top: 20px !important;padding-right: 20px !important;padding-bottom: 20px !important;padding-left: 20px !important;border-left-color: #cfcfcf !important;border-left-style: solid !important;border-right-color: #cfcfcf !important;border-right-style: solid !important;border-top-color: #cfcfcf !important;border-top-style: solid !important;border-bottom-color: #cfcfcf !important;border-bottom-style: solid !important;}\u00a0\u00bb][vc_single_image image=\u00a0\u00bb2007&Prime; img_size=\u00a0\u00bbfull\u00a0\u00bb alignment=\u00a0\u00bbcenter\u00a0\u00bb el_class=\u00a0\u00bbservice-picto\u00a0\u00bb][vc_column_text el_class=\u00a0\u00bbservice-titre-picto\u00a0\u00bb]<\/p>\n<p style=\"text-align: center;\">S\u00e9curisez<br \/>\nvotre base de donn\u00e9es<\/p>\n<p>[\/vc_column_text][vc_column_text el_class=\u00a0\u00bbparagraphe\u00a0\u00bb]<\/p>\n<p style=\"text-align: center;\">Les donn\u00e9es ne sont utiles que si elles sont s\u00e9curis\u00e9es, conformes et fiables. C&rsquo;est pourquoi nous veillons \u00e0 ce que la confidentialit\u00e9 et la protection des donn\u00e9es soient prises en compte d\u00e8s le stade de la conception, lors du processus de cr\u00e9ation de la vision. Ensuite, nous activons notre expertise RGPD<\/p>\n<p>[\/vc_column_text][\/vc_column][\/vc_row][vc_row full_width=\u00a0\u00bbstretch_row\u00a0\u00bb remove_padding=\u00a0\u00bbno-padding-vc-row\u00a0\u00bb css=\u00a0\u00bb.vc_custom_1708098613140{margin-top: 50px !important;background-color: #f1f1f1 !important;background-position: center !important;background-repeat: no-repeat !important;background-size: cover !important;}\u00a0\u00bb el_class=\u00a0\u00bboakspring\u00a0\u00bb][vc_column offset=\u00a0\u00bbvc_col-lg-offset-2 vc_col-lg-8 vc_col-md-offset-1 vc_col-md-10&Prime;][vc_column_text el_class=\u00a0\u00bbtitre-data-violet-oakspring\u00a0\u00bb css=\u00a0\u00bb.vc_custom_1735315299060{margin-bottom: 10px !important;}\u00a0\u00bb]<\/p>\n<p style=\"text-align: center;\">Comment pouvons-nous vous accompagner ?<\/p>\n<p>[\/vc_column_text][vc_column_text el_class=\u00a0\u00bbparagraphe\u00a0\u00bb]<\/p>\n<p style=\"text-align: center;\">Gr\u00e2ce \u00e0 notre solution OAKSpring, nous pouvons vous aider \u00e0 fid\u00e9liser et \u00e0 engager vos clients, \u00e0 am\u00e9liorer votre image de marque et \u00e0 tirer le meilleur parti de vos donn\u00e9es.<\/p>\n<p>[\/vc_column_text][\/vc_column][\/vc_row][vc_row full_width=\u00a0\u00bbstretch_row\u00a0\u00bb gap=\u00a0\u00bb20&Prime; equal_height=\u00a0\u00bbyes\u00a0\u00bb content_placement=\u00a0\u00bbtop\u00a0\u00bb remove_padding=\u00a0\u00bbno-padding-vc-row\u00a0\u00bb css=\u00a0\u00bb.vc_custom_1708099575604{padding-top: 20px !important;padding-bottom: 120px !important;background-color: #f1f1f1 !important;background-position: center !important;background-repeat: no-repeat !important;background-size: cover !important;}\u00a0\u00bb el_class=\u00a0\u00bboakspring-support\u00a0\u00bb][vc_column width=\u00a0\u00bb1\/4&Prime; css=\u00a0\u00bb.vc_custom_1708098706542{background-color: #6969d9 !important;background-position: center !important;background-repeat: no-repeat !important;background-size: cover !important;}\u00a0\u00bb][vc_single_image image=\u00a0\u00bb2023&Prime; img_size=\u00a0\u00bbfull\u00a0\u00bb alignment=\u00a0\u00bbcenter\u00a0\u00bb][vc_column_text el_class=\u00a0\u00bbservice-titre-picto-DDCS\u00a0\u00bb]<\/p>\n<p style=\"text-align: center;\">Gain de temps<\/p>\n<p>[\/vc_column_text][vc_column_text el_class=\u00a0\u00bbbullets-roots\u00a0\u00bb]<\/p>\n<p style=\"text-align: center;\">Processus automatiques et rapides<\/p>\n<p>[\/vc_column_text][\/vc_column][vc_column width=\u00a0\u00bb1\/4&Prime; css=\u00a0\u00bb.vc_custom_1708098712788{background-color: #5151c6 !important;background-position: center !important;background-repeat: no-repeat !important;background-size: cover !important;}\u00a0\u00bb][vc_single_image image=\u00a0\u00bb2021&Prime; img_size=\u00a0\u00bbfull\u00a0\u00bb alignment=\u00a0\u00bbcenter\u00a0\u00bb][vc_column_text el_class=\u00a0\u00bbservice-titre-picto-DDCS\u00a0\u00bb]<\/p>\n<p style=\"text-align: center;\">Flexibilit\u00e9<\/p>\n<p>[\/vc_column_text][vc_column_text el_class=\u00a0\u00bbbullets-roots\u00a0\u00bb]<\/p>\n<p style=\"text-align: center;\">Donn\u00e9es de test et de r\u00e9f\u00e9rence<br \/>\n\u00e0 tout moment<\/p>\n<p>[\/vc_column_text][\/vc_column][vc_column width=\u00a0\u00bb1\/4&Prime; css=\u00a0\u00bb.vc_custom_1708097704726{background-color: #462cb1 !important;background-position: center !important;background-repeat: no-repeat !important;background-size: cover !important;}\u00a0\u00bb][vc_single_image image=\u00a0\u00bb2019&Prime; img_size=\u00a0\u00bbfull\u00a0\u00bb alignment=\u00a0\u00bbcenter\u00a0\u00bb][vc_column_text el_class=\u00a0\u00bbservice-titre-picto-DDCS\u00a0\u00bb]<\/p>\n<p style=\"text-align: center;\">Efficacit\u00e9<\/p>\n<p>[\/vc_column_text][vc_column_text el_class=\u00a0\u00bbbullets-roots\u00a0\u00bb]<\/p>\n<p style=\"text-align: center;\">Donn\u00e9es fiables et actualis\u00e9es<\/p>\n<p>[\/vc_column_text][\/vc_column][vc_column width=\u00a0\u00bb1\/4&Prime; css=\u00a0\u00bb.vc_custom_1708097717231{background-color: #230d7e !important;}\u00a0\u00bb][vc_single_image image=\u00a0\u00bb2017&Prime; img_size=\u00a0\u00bbfull\u00a0\u00bb alignment=\u00a0\u00bbcenter\u00a0\u00bb][vc_column_text el_class=\u00a0\u00bbservice-titre-picto-DDCS\u00a0\u00bb]<\/p>\n<p style=\"text-align: center;\">Performance<\/p>\n<p>[\/vc_column_text][vc_column_text el_class=\u00a0\u00bbbullets-roots\u00a0\u00bb]<\/p>\n<p style=\"text-align: center;\">Optimisez votre Marketing &amp;<br \/>\nCommunication<\/p>\n<p>[\/vc_column_text][\/vc_column][\/vc_row][vc_row css=\u00a0\u00bb.vc_custom_1708106006877{padding-top: 40px !important;padding-bottom: 0px !important;}\u00a0\u00bb][vc_column offset=\u00a0\u00bbvc_col-lg-offset-1 vc_col-lg-10 vc_col-md-12&Prime;][vc_column_text el_class=\u00a0\u00bbtitre-data-violet-oakspring\u00a0\u00bb css=\u00a0\u00bb.vc_custom_1735315963165{margin-bottom: 10px !important;}\u00a0\u00bb]<\/p>\n<p style=\"text-align: center;\">OAKspring Contact : notre solution en 3 \u00e9tapes<\/p>\n<p>[\/vc_column_text][vc_column_text]<\/p>\n<p style=\"text-align: center;\">Chaque \u00e9tape de notre solution est con\u00e7ue pour permettre une compr\u00e9hension rapide et simple de vos donn\u00e9es et des mesures visant \u00e0 am\u00e9liorer la qualit\u00e9 des donn\u00e9es.<br \/>\nvos donn\u00e9es et des mesures pour am\u00e9liorer la qualit\u00e9 des donn\u00e9es. Vous pouvez ensuite trier les donn\u00e9es en fonction<br \/>\nselon les besoins sp\u00e9cifiques de votre institution<\/p>\n<p>[\/vc_column_text][\/vc_column][\/vc_row][vc_row equal_height=\u00a0\u00bbyes\u00a0\u00bb content_placement=\u00a0\u00bbmiddle\u00a0\u00bb css=\u00a0\u00bb.vc_custom_1708106029228{margin-bottom: 120px !important;}\u00a0\u00bb][vc_column width=\u00a0\u00bb1\/2&Prime; el_class=\u00a0\u00bboakspringsteps\u00a0\u00bb][vc_row_inner content_placement=\u00a0\u00bbmiddle\u00a0\u00bb][vc_column_inner width=\u00a0\u00bb1\/4&Prime;][vc_single_image image=\u00a0\u00bb2031&Prime; img_size=\u00a0\u00bbfull\u00a0\u00bb alignment=\u00a0\u00bbcenter\u00a0\u00bb][\/vc_column_inner][vc_column_inner width=\u00a0\u00bb3\/4&Prime;][vc_column_text]<strong>Mise \u00e0 jour initiale et enrichissement<\/strong><br \/>\nComparer les premiers r\u00e9sultats de l&rsquo;enrichissement des donn\u00e9es \u00e0 la qualit\u00e9 initiale de la base de donn\u00e9es en utilisant des points de donn\u00e9es et des graphiques pour d\u00e9montrer l&rsquo;am\u00e9lioration[\/vc_column_text][\/vc_column_inner][\/vc_row_inner][vc_row_inner content_placement=\u00a0\u00bbmiddle\u00a0\u00bb][vc_column_inner width=\u00a0\u00bb1\/4&Prime;][vc_single_image image=\u00a0\u00bb2029&Prime; img_size=\u00a0\u00bbfull\u00a0\u00bb alignment=\u00a0\u00bbcenter\u00a0\u00bb][\/vc_column_inner][vc_column_inner width=\u00a0\u00bb3\/4&Prime;][vc_column_text]<strong>Retour d&rsquo;information permanent<\/strong><br \/>\nSuivez le tableau de bord simple pour contr\u00f4ler l&rsquo;am\u00e9lioration de la qualit\u00e9 des donn\u00e9es[\/vc_column_text][\/vc_column_inner][\/vc_row_inner][vc_row_inner content_placement=\u00a0\u00bbmiddle\u00a0\u00bb][vc_column_inner width=\u00a0\u00bb1\/4&Prime;][vc_single_image image=\u00a0\u00bb2033&Prime; img_size=\u00a0\u00bbfull\u00a0\u00bb alignment=\u00a0\u00bbcenter\u00a0\u00bb][\/vc_column_inner][vc_column_inner width=\u00a0\u00bb3\/4&Prime;][vc_column_text]<strong>Mise \u00e0 jour des donn\u00e9es \u00e0 la demande<\/strong><br \/>\n&gt; D\u00e9finir les r\u00e8gles relatives \u00e0 la base de donn\u00e9es<br \/>\n&gt; Collecte d&rsquo;informations \u00e0 partir des m\u00e9dias sociaux<br \/>\n&gt; Analyse des lacunes dans les donn\u00e9es disponibles<br \/>\n&gt; Mise \u00e0 jour de la base de donn\u00e9es[\/vc_column_text][\/vc_column_inner][\/vc_row_inner][\/vc_column][vc_column width=\u00a0\u00bb1\/2&Prime;][vc_single_image image=\u00a0\u00bb2035&Prime; img_size=\u00a0\u00bbfull\u00a0\u00bb alignment=\u00a0\u00bbcenter\u00a0\u00bb][\/vc_column][\/vc_row]<\/p>\n<\/div>","protected":false},"excerpt":{"rendered":"<p>[vc_row full_width=\u00a0\u00bbstretch_row\u00a0\u00bb remove_padding=\u00a0\u00bbno-padding-vc-row\u00a0\u00bb bg_type=\u00a0\u00bbimage\u00a0\u00bb parallax_style=\u00a0\u00bbvcpb-vz-jquery\u00a0\u00bb bg_image_new=\u00a0\u00bbid^2047|url^https:\/\/oaklandgrp.com\/wp-content\/uploads\/2024\/02\/oakspring-bg.jpg|caption^null|alt^null|title^head-oakroots-data-activation|description^null\u00a0\u00bb bg_image_repeat=\u00a0\u00bbno-repeat\u00a0\u00bb bg_override=\u00a0\u00bbfull\u00a0\u00bb css=\u00a0\u00bb.vc_custom_1648216672206{padding-top: 20px !important;padding-bottom: 50px !important;}\u00a0\u00bb][vc_column][vc_column_text el_class=\u00a0\u00bbtitre-service\u00a0\u00bb] Qualit\u00e9 des donn\u00e9es [\/vc_column_text][vc_single_image image=\u00a0\u00bb2044&Prime; img_size=\u00a0\u00bbfull\u00a0\u00bb alignment=\u00a0\u00bbcenter\u00a0\u00bb el_class=\u00a0\u00bblogo-service\u00a0\u00bb][vc_column_text el_class=\u00a0\u00bbtitre-data-white-oakseeds\u00a0\u00bb] Transformez vos donn\u00e9es de contact en opportunit\u00e9s en or [\/vc_column_text][vc_column_text el_class=\u00a0\u00bbparagraphe-white-slider\u00a0\u00bb] Appuyez-vous sur des donn\u00e9es claires, pertinentes&#8230;<\/p>\n","protected":false},"author":2,"featured_media":0,"parent":0,"menu_order":0,"comment_status":"closed","ping_status":"closed","template":"","meta":{"footnotes":""},"class_list":["post-2565","page","type-page","status-publish","hentry"],"yoast_head":"<!-- This site is optimized with the Yoast SEO plugin v27.3 - https:\/\/yoast.com\/product\/yoast-seo-wordpress\/ -->\n<title>Qualit\u00e9 des donn\u00e9es - Oakland Group<\/title>\n<meta name=\"description\" content=\"With data activation, we bring you our data management expertise and accompany you in executing your data strategy.\" \/>\n<meta name=\"robots\" content=\"index, follow, max-snippet:-1, max-image-preview:large, max-video-preview:-1\" \/>\n<link rel=\"canonical\" href=\"https:\/\/oaklandgrp.com\/fr\/data-quality\/\" \/>\n<meta property=\"og:locale\" content=\"fr_FR\" \/>\n<meta property=\"og:type\" content=\"article\" \/>\n<meta property=\"og:title\" content=\"Qualit\u00e9 des donn\u00e9es - Oakland Group\" \/>\n<meta property=\"og:description\" content=\"With data activation, we bring you our data management expertise and accompany you in executing your data strategy.\" \/>\n<meta property=\"og:url\" content=\"https:\/\/oaklandgrp.com\/fr\/data-quality\/\" \/>\n<meta property=\"og:site_name\" content=\"Oakland Group\" \/>\n<meta property=\"article:modified_time\" content=\"2024-12-30T13:20:09+00:00\" \/>\n<meta property=\"og:image\" content=\"https:\/\/oaklandgrp.com\/wp-content\/uploads\/2023\/11\/Logo-Kim-sans-posi-copie.png\" \/>\n\t<meta property=\"og:image:width\" content=\"1200\" \/>\n\t<meta property=\"og:image:height\" content=\"675\" \/>\n\t<meta property=\"og:image:type\" content=\"image\/png\" \/>\n<meta name=\"twitter:card\" content=\"summary_large_image\" \/>\n<meta name=\"twitter:label1\" content=\"Dur\u00e9e de lecture estim\u00e9e\" \/>\n\t<meta name=\"twitter:data1\" content=\"6 minutes\" \/>\n<script type=\"application\/ld+json\" class=\"yoast-schema-graph\">{\"@context\":\"https:\\\/\\\/schema.org\",\"@graph\":[{\"@type\":\"WebPage\",\"@id\":\"https:\\\/\\\/oaklandgrp.com\\\/fr\\\/data-quality\\\/\",\"url\":\"https:\\\/\\\/oaklandgrp.com\\\/fr\\\/data-quality\\\/\",\"name\":\"Qualit\u00e9 des donn\u00e9es - Oakland Group\",\"isPartOf\":{\"@id\":\"https:\\\/\\\/oaklandgrp.com\\\/#website\"},\"datePublished\":\"2024-02-16T15:51:48+00:00\",\"dateModified\":\"2024-12-30T13:20:09+00:00\",\"description\":\"With data activation, we bring you our data management expertise and accompany you in executing your data strategy.\",\"breadcrumb\":{\"@id\":\"https:\\\/\\\/oaklandgrp.com\\\/fr\\\/data-quality\\\/#breadcrumb\"},\"inLanguage\":\"fr-FR\",\"potentialAction\":[{\"@type\":\"ReadAction\",\"target\":[\"https:\\\/\\\/oaklandgrp.com\\\/fr\\\/data-quality\\\/\"]}]},{\"@type\":\"BreadcrumbList\",\"@id\":\"https:\\\/\\\/oaklandgrp.com\\\/fr\\\/data-quality\\\/#breadcrumb\",\"itemListElement\":[{\"@type\":\"ListItem\",\"position\":1,\"name\":\"Home\",\"item\":\"https:\\\/\\\/oaklandgrp.com\\\/fr\\\/\"},{\"@type\":\"ListItem\",\"position\":2,\"name\":\"Qualit\u00e9 des donn\u00e9es\"}]},{\"@type\":\"WebSite\",\"@id\":\"https:\\\/\\\/oaklandgrp.com\\\/#website\",\"url\":\"https:\\\/\\\/oaklandgrp.com\\\/\",\"name\":\"Oakland Group\",\"description\":\"Asset Your Business Data\",\"publisher\":{\"@id\":\"https:\\\/\\\/oaklandgrp.com\\\/#organization\"},\"potentialAction\":[{\"@type\":\"SearchAction\",\"target\":{\"@type\":\"EntryPoint\",\"urlTemplate\":\"https:\\\/\\\/oaklandgrp.com\\\/?s={search_term_string}\"},\"query-input\":{\"@type\":\"PropertyValueSpecification\",\"valueRequired\":true,\"valueName\":\"search_term_string\"}}],\"inLanguage\":\"fr-FR\"},{\"@type\":\"Organization\",\"@id\":\"https:\\\/\\\/oaklandgrp.com\\\/#organization\",\"name\":\"Oakland Group\",\"url\":\"https:\\\/\\\/oaklandgrp.com\\\/\",\"logo\":{\"@type\":\"ImageObject\",\"inLanguage\":\"fr-FR\",\"@id\":\"https:\\\/\\\/oaklandgrp.com\\\/#\\\/schema\\\/logo\\\/image\\\/\",\"url\":\"\",\"contentUrl\":\"\",\"caption\":\"Oakland Group\"},\"image\":{\"@id\":\"https:\\\/\\\/oaklandgrp.com\\\/#\\\/schema\\\/logo\\\/image\\\/\"}}]}<\/script>\n<!-- \/ Yoast SEO plugin. -->","yoast_head_json":{"title":"Qualit\u00e9 des donn\u00e9es - Oakland Group","description":"With data activation, we bring you our data management expertise and accompany you in executing your data strategy.","robots":{"index":"index","follow":"follow","max-snippet":"max-snippet:-1","max-image-preview":"max-image-preview:large","max-video-preview":"max-video-preview:-1"},"canonical":"https:\/\/oaklandgrp.com\/fr\/data-quality\/","og_locale":"fr_FR","og_type":"article","og_title":"Qualit\u00e9 des donn\u00e9es - Oakland Group","og_description":"With data activation, we bring you our data management expertise and accompany you in executing your data strategy.","og_url":"https:\/\/oaklandgrp.com\/fr\/data-quality\/","og_site_name":"Oakland Group","article_modified_time":"2024-12-30T13:20:09+00:00","og_image":[{"width":1200,"height":675,"url":"https:\/\/oaklandgrp.com\/wp-content\/uploads\/2023\/11\/Logo-Kim-sans-posi-copie.png","type":"image\/png"}],"twitter_card":"summary_large_image","twitter_misc":{"Dur\u00e9e de lecture estim\u00e9e":"6 minutes"},"schema":{"@context":"https:\/\/schema.org","@graph":[{"@type":"WebPage","@id":"https:\/\/oaklandgrp.com\/fr\/data-quality\/","url":"https:\/\/oaklandgrp.com\/fr\/data-quality\/","name":"Qualit\u00e9 des donn\u00e9es - Oakland Group","isPartOf":{"@id":"https:\/\/oaklandgrp.com\/#website"},"datePublished":"2024-02-16T15:51:48+00:00","dateModified":"2024-12-30T13:20:09+00:00","description":"With data activation, we bring you our data management expertise and accompany you in executing your data strategy.","breadcrumb":{"@id":"https:\/\/oaklandgrp.com\/fr\/data-quality\/#breadcrumb"},"inLanguage":"fr-FR","potentialAction":[{"@type":"ReadAction","target":["https:\/\/oaklandgrp.com\/fr\/data-quality\/"]}]},{"@type":"BreadcrumbList","@id":"https:\/\/oaklandgrp.com\/fr\/data-quality\/#breadcrumb","itemListElement":[{"@type":"ListItem","position":1,"name":"Home","item":"https:\/\/oaklandgrp.com\/fr\/"},{"@type":"ListItem","position":2,"name":"Qualit\u00e9 des donn\u00e9es"}]},{"@type":"WebSite","@id":"https:\/\/oaklandgrp.com\/#website","url":"https:\/\/oaklandgrp.com\/","name":"Oakland Group","description":"Asset Your Business Data","publisher":{"@id":"https:\/\/oaklandgrp.com\/#organization"},"potentialAction":[{"@type":"SearchAction","target":{"@type":"EntryPoint","urlTemplate":"https:\/\/oaklandgrp.com\/?s={search_term_string}"},"query-input":{"@type":"PropertyValueSpecification","valueRequired":true,"valueName":"search_term_string"}}],"inLanguage":"fr-FR"},{"@type":"Organization","@id":"https:\/\/oaklandgrp.com\/#organization","name":"Oakland Group","url":"https:\/\/oaklandgrp.com\/","logo":{"@type":"ImageObject","inLanguage":"fr-FR","@id":"https:\/\/oaklandgrp.com\/#\/schema\/logo\/image\/","url":"","contentUrl":"","caption":"Oakland Group"},"image":{"@id":"https:\/\/oaklandgrp.com\/#\/schema\/logo\/image\/"}}]}},"_links":{"self":[{"href":"https:\/\/oaklandgrp.com\/fr\/wp-json\/wp\/v2\/pages\/2565","targetHints":{"allow":["GET"]}}],"collection":[{"href":"https:\/\/oaklandgrp.com\/fr\/wp-json\/wp\/v2\/pages"}],"about":[{"href":"https:\/\/oaklandgrp.com\/fr\/wp-json\/wp\/v2\/types\/page"}],"author":[{"embeddable":true,"href":"https:\/\/oaklandgrp.com\/fr\/wp-json\/wp\/v2\/users\/2"}],"replies":[{"embeddable":true,"href":"https:\/\/oaklandgrp.com\/fr\/wp-json\/wp\/v2\/comments?post=2565"}],"version-history":[{"count":7,"href":"https:\/\/oaklandgrp.com\/fr\/wp-json\/wp\/v2\/pages\/2565\/revisions"}],"predecessor-version":[{"id":2679,"href":"https:\/\/oaklandgrp.com\/fr\/wp-json\/wp\/v2\/pages\/2565\/revisions\/2679"}],"wp:attachment":[{"href":"https:\/\/oaklandgrp.com\/fr\/wp-json\/wp\/v2\/media?parent=2565"}],"curies":[{"name":"wp","href":"https:\/\/api.w.org\/{rel}","templated":true}]}}