{"id":2566,"date":"2022-03-16T13:49:29","date_gmt":"2022-03-16T12:49:29","guid":{"rendered":"https:\/\/oaklandgrp.com\/data-strategy\/"},"modified":"2024-12-31T09:45:54","modified_gmt":"2024-12-31T08:45:54","slug":"data-strategy","status":"publish","type":"page","link":"https:\/\/oaklandgrp.com\/fr\/data-strategy\/","title":{"rendered":"Strat\u00e9gie des donn\u00e9es"},"content":{"rendered":"<div class=\"wpb-content-wrapper\"><p>[vc_row full_width=\u00a0\u00bbstretch_row\u00a0\u00bb remove_padding=\u00a0\u00bbno-padding-vc-row\u00a0\u00bb bg_type=\u00a0\u00bbimage\u00a0\u00bb parallax_style=\u00a0\u00bbvcpb-vz-jquery\u00a0\u00bb bg_image_new=\u00a0\u00bbid^212|url^https:\/\/oaklandgrp.com\/wp-content\/uploads\/2022\/03\/head-oakseeds-data-stategy.jpg|caption^null|alt^null|title^head-oakseeds-data-stategy|description^null\u00a0\u00bb bg_image_repeat=\u00a0\u00bbno-repeat\u00a0\u00bb bg_image_size=\u00a0\u00bbinitial\u00a0\u00bb bg_override=\u00a0\u00bbfull\u00a0\u00bb css=\u00a0\u00bb.vc_custom_1648138069283{padding-top: 20px !important;padding-bottom: 50px !important;}\u00a0\u00bb][vc_column][vc_column_text el_class=\u00a0\u00bbtitre-service\u00a0\u00bb]<\/p>\n<h2 style=\"text-align: left;\">Strat\u00e9gie des donn\u00e9es<\/h2>\n<p>[\/vc_column_text][vc_single_image image=\u00a0\u00bb211&Prime; img_size=\u00a0\u00bbfull\u00a0\u00bb alignment=\u00a0\u00bbcenter\u00a0\u00bb el_class=\u00a0\u00bblogo-service\u00a0\u00bb][vc_column_text el_class=\u00a0\u00bbtitre-data-white-oakseeds\u00a0\u00bb]<\/p>\n<p style=\"text-align: center;\">Nous pouvons vous aider \u00e0 faire des donn\u00e9es la pierre angulaire de votre strat\u00e9gie<\/p>\n<p>[\/vc_column_text][vc_column_text el_class=\u00a0\u00bbparagraphe-white-slider\u00a0\u00bb]<\/p>\n<p style=\"text-align: center;\">La plupart de l&rsquo;attention, du temps et de l&rsquo;\u00e9nergie de votre \u00e9quipe dirigeante se concentrent sur la strat\u00e9gie et les op\u00e9rations actuelles de l&rsquo;entreprise. Ensemble, nous nous embarquerons dans un voyage stimulant pour changer votre direction de pens\u00e9e et d&rsquo;ex\u00e9cution vers des dimensions de donn\u00e9es strat\u00e9giques.<\/p>\n<p>[\/vc_column_text][\/vc_column][\/vc_row][vc_row full_width=\u00a0\u00bbstretch_row\u00a0\u00bb remove_padding=\u00a0\u00bbno-padding-vc-row\u00a0\u00bb css=\u00a0\u00bb.vc_custom_1647357150216{margin-top: 50px !important;}\u00a0\u00bb][vc_column offset=\u00a0\u00bbvc_col-lg-offset-2 vc_col-lg-8 vc_col-md-offset-1 vc_col-md-10&Prime;]<div id=\"ultimate-heading-356769d5e7f22f2ff\" class=\"uvc-heading ult-adjust-bottom-margin ultimate-heading-356769d5e7f22f2ff uvc-748 titre-gris\" data-hspacer=\"no_spacer\"  data-halign=\"center\" style=\"text-align:center\"><div class=\"uvc-heading-spacer no_spacer\" style=\"top\"><\/div><div class=\"uvc-main-heading ult-responsive\"  data-ultimate-target='.uvc-heading.ultimate-heading-356769d5e7f22f2ff h2'  data-responsive-json-new='{\"font-size\":\"\",\"line-height\":\"\"}' ><h2 style=\"font-weight:normal;\">VOS ENJEUX<\/h2><\/div><\/div>[\/vc_column][\/vc_row][vc_row full_width=\u00a0\u00bbstretch_row\u00a0\u00bb equal_height=\u00a0\u00bbyes\u00a0\u00bb remove_padding=\u00a0\u00bbno-padding-vc-row\u00a0\u00bb css=\u00a0\u00bb.vc_custom_1647436372899{margin-top: 50px !important;}\u00a0\u00bb][vc_column width=\u00a0\u00bb1\/3&Prime; css=\u00a0\u00bb.vc_custom_1647436938597{margin-top: 10px !important;margin-right: 10px !important;margin-bottom: 10px !important;margin-left: 10px !important;border-top-width: 1px !important;border-right-width: 1px !important;border-bottom-width: 1px !important;border-left-width: 1px !important;padding-top: 20px !important;padding-right: 20px !important;padding-bottom: 20px !important;padding-left: 20px !important;border-left-color: #cfcfcf !important;border-left-style: solid !important;border-right-color: #cfcfcf !important;border-right-style: solid !important;border-top-color: #cfcfcf !important;border-top-style: solid !important;border-bottom-color: #cfcfcf !important;border-bottom-style: solid !important;}\u00a0\u00bb][vc_single_image image=\u00a0\u00bb237&Prime; img_size=\u00a0\u00bbfull\u00a0\u00bb alignment=\u00a0\u00bbcenter\u00a0\u00bb el_class=\u00a0\u00bbservice-picto\u00a0\u00bb][vc_column_text el_class=\u00a0\u00bbservice-titre-picto\u00a0\u00bb]<\/p>\n<p style=\"text-align: center;\">Concevoir de nouveaux<br \/>\nmod\u00e8les d&rsquo;affaires<\/p>\n<p>[\/vc_column_text][vc_column_text el_class=\u00a0\u00bbparagraphe\u00a0\u00bb]<\/p>\n<p style=\"text-align: center;\">Nous vous guiderons vers une nouvelle g\u00e9n\u00e9ration de services et de mod\u00e8les commerciaux fond\u00e9s sur les donn\u00e9es, dans la perspective de faire de vos donn\u00e9es un v\u00e9ritable atout, et nous d\u00e9finirons et mettrons en \u0153uvre avec vous la feuille de route d&rsquo;ex\u00e9cution.<\/p>\n<p>[\/vc_column_text][\/vc_column][vc_column width=\u00a0\u00bb1\/3&Prime; css=\u00a0\u00bb.vc_custom_1647436954135{margin-top: 10px !important;margin-right: 10px !important;margin-bottom: 10px !important;margin-left: 10px !important;border-top-width: 1px !important;border-right-width: 1px !important;border-bottom-width: 1px !important;border-left-width: 1px !important;padding-top: 20px !important;padding-right: 20px !important;padding-bottom: 20px !important;padding-left: 20px !important;border-left-color: #cfcfcf !important;border-left-style: solid !important;border-right-color: #cfcfcf !important;border-right-style: solid !important;border-top-color: #cfcfcf !important;border-top-style: solid !important;border-bottom-color: #cfcfcf !important;border-bottom-style: solid !important;}\u00a0\u00bb][vc_single_image image=\u00a0\u00bb236&Prime; img_size=\u00a0\u00bbfull\u00a0\u00bb alignment=\u00a0\u00bbcenter\u00a0\u00bb el_class=\u00a0\u00bbservice-picto\u00a0\u00bb][vc_column_text el_class=\u00a0\u00bbservice-titre-picto\u00a0\u00bb]<\/p>\n<p style=\"text-align: center;\">\u00c9valuez<br \/>\nla valeur de vos donn\u00e9es<\/p>\n<p>[\/vc_column_text][vc_column_text el_class=\u00a0\u00bbparagraphe\u00a0\u00bb]<\/p>\n<p style=\"text-align: center;\">Gr\u00e2ce \u00e0 notre m\u00e9thodologie et \u00e0 notre exp\u00e9rience, nous pouvons vous aider \u00e0 \u00e9valuer et \u00e0 estimer le potentiel de votre entreprise en mati\u00e8re de donn\u00e9es. Nous pouvons vous aider \u00e0 convertir la valeur de vos donn\u00e9es dans votre bilan ou en un actif financier significatif lors d&rsquo;une lev\u00e9e de fonds, de la vente de votre entreprise ou d&rsquo;une introduction en bourse.<\/p>\n<p>[\/vc_column_text][\/vc_column][vc_column width=\u00a0\u00bb1\/3&Prime; css=\u00a0\u00bb.vc_custom_1647436970844{margin-top: 10px !important;margin-right: 10px !important;margin-bottom: 10px !important;margin-left: 10px !important;border-top-width: 1px !important;border-right-width: 1px !important;border-bottom-width: 1px !important;border-left-width: 1px !important;padding-top: 20px !important;padding-right: 20px !important;padding-bottom: 20px !important;padding-left: 20px !important;border-left-color: #cfcfcf !important;border-left-style: solid !important;border-right-color: #cfcfcf !important;border-right-style: solid !important;border-top-color: #cfcfcf !important;border-top-style: solid !important;border-bottom-color: #cfcfcf !important;border-bottom-style: solid !important;}\u00a0\u00bb][vc_single_image image=\u00a0\u00bb235&Prime; img_size=\u00a0\u00bbfull\u00a0\u00bb alignment=\u00a0\u00bbcenter\u00a0\u00bb el_class=\u00a0\u00bbservice-picto\u00a0\u00bb][vc_column_text el_class=\u00a0\u00bbservice-titre-picto\u00a0\u00bb]<\/p>\n<p style=\"text-align: center;\">S\u00e9curisez<br \/>\nvotre actif de donn\u00e9es<\/p>\n<p>[\/vc_column_text][vc_column_text el_class=\u00a0\u00bbparagraphe\u00a0\u00bb]<\/p>\n<p style=\"text-align: center;\">Les donn\u00e9es ne peuvent \u00eatre valoris\u00e9es que si leur s\u00e9curit\u00e9, leur conformit\u00e9 et leur fiabilit\u00e9 sont prouv\u00e9es. Nous veillons donc \u00e0 ce que la confidentialit\u00e9 et la protection des donn\u00e9es soient prises en compte d\u00e8s la conception au cours du processus d&rsquo;\u00e9laboration de la vision. Nous activons ensuite notre expertise RGPD.<\/p>\n<p>[\/vc_column_text][\/vc_column][\/vc_row][vc_row full_width=\u00a0\u00bbstretch_row\u00a0\u00bb remove_padding=\u00a0\u00bbno-padding-vc-row\u00a0\u00bb css=\u00a0\u00bb.vc_custom_1647445060229{margin-top: 50px !important;background-color: #f1f1f1 !important;background-position: center !important;background-repeat: no-repeat !important;background-size: cover !important;}\u00a0\u00bb][vc_column offset=\u00a0\u00bbvc_col-lg-offset-2 vc_col-lg-8 vc_col-md-offset-1 vc_col-md-10&Prime;][vc_column_text el_class=\u00a0\u00bbtitre-data-bleu-oakseeds\u00a0\u00bb css=\u00a0\u00bb.vc_custom_1735564677583{margin-bottom: 10px !important;}\u00a0\u00bb]<\/p>\n<p style=\"text-align: center;\">Comment pouvons-nous vous accompagner ?<\/p>\n<p>[\/vc_column_text][vc_column_text]<\/p>\n<p style=\"text-align: center;\">En tant que partenaire proche, nous vous aidons \u00e0 mettre en \u0153uvre votre strat\u00e9gie en mati\u00e8re de donn\u00e9es et \u00e0 faire en sorte que vos donn\u00e9es actuelles et futures prennent de la valeur.<\/p>\n<p>[\/vc_column_text][vc_row_inner css=\u00a0\u00bb.vc_custom_1647445044878{margin-bottom: 30px !important;}\u00a0\u00bb][vc_column_inner width=\u00a0\u00bb1\/2&Prime;][vc_column_text el_class=\u00a0\u00bbbullets-points\u00a0\u00bb]<\/p>\n<ul>\n<li style=\"text-align: left;\">La technologie doit \u00eatre un produit de base qui lib\u00e8re le potentiel de votre entreprise<\/li>\n<li style=\"text-align: left;\">Notre client est un partenaire \u00e0 long terme, et nous prenons soin de lui<\/li>\n<li style=\"text-align: left;\">Nous construisons ou adaptons pour cibler des gains rapides pour votre entreprise<\/li>\n<li style=\"text-align: left;\">Nous croyons en l&rsquo;\u00e9volution, pas en la r\u00e9volution<\/li>\n<\/ul>\n<p>[\/vc_column_text][\/vc_column_inner][vc_column_inner width=\u00a0\u00bb1\/2&Prime;][vc_column_text el_class=\u00a0\u00bbbullets-points\u00a0\u00bb]<\/p>\n<ul>\n<li style=\"text-align: left;\">Votre h\u00e9ritage est notre priorit\u00e9, en raison de votre richesse et de votre unicit\u00e9<\/li>\n<li style=\"text-align: left;\">Nous sommes pragmatiques, pas dogmatiques\u00a0&#8230; et r\u00e9alistes<\/li>\n<li style=\"text-align: left;\">Votre entreprise et vos activit\u00e9s sont prioritaires<\/li>\n<li style=\"text-align: left;\">Vous ne m\u00e9ritez rien de moins que l&rsquo;excellence<\/li>\n<\/ul>\n<p>[\/vc_column_text][\/vc_column_inner][\/vc_row_inner][\/vc_column][\/vc_row][vc_row full_width=\u00a0\u00bbstretch_row\u00a0\u00bb remove_padding=\u00a0\u00bbno-padding-vc-row\u00a0\u00bb bg_type=\u00a0\u00bbimage\u00a0\u00bb parallax_style=\u00a0\u00bbvcpb-vz-jquery\u00a0\u00bb bg_image_new=\u00a0\u00bbid^256|url^https:\/\/oaklandgrp.com\/wp-content\/uploads\/2022\/03\/oakseeds-business-opportunities.jpg|caption^null|alt^null|title^oakseeds-business-opportunities|description^null\u00a0\u00bb bg_image_repeat=\u00a0\u00bbno-repeat\u00a0\u00bb bg_image_size=\u00a0\u00bbinitial\u00a0\u00bb bg_override=\u00a0\u00bbfull\u00a0\u00bb css=\u00a0\u00bb.vc_custom_1647445111754{padding-top: 80px !important;padding-bottom: 80px !important;}\u00a0\u00bb][vc_column][vc_column_text el_class=\u00a0\u00bbtitre-data-white-oakseeds\u00a0\u00bb]<\/p>\n<p style=\"text-align: center;\">Concevoir de nouvelles opportunit\u00e9s commerciales<\/p>\n<p>[\/vc_column_text][vc_column_text el_class=\u00a0\u00bbparagraphe-white\u00a0\u00bb]<\/p>\n<p style=\"text-align: center;\">Les entreprises consid\u00e8rent l&rsquo;opportunit\u00e9 commerciale des donn\u00e9es uniquement en termes de marketing. Mais cela va bien au-del\u00e0. Quel que soit le cas d&rsquo;utilisation, les donn\u00e9es peuvent non seulement \u00eatre un excellent catalyseur, mais aussi un v\u00e9ritable d\u00e9clencheur. L&rsquo;essentiel est d&rsquo;\u00eatre capable d&rsquo;envisager son activit\u00e9 sous l&rsquo;angle des donn\u00e9es.<\/p>\n<p style=\"text-align: center;\"><strong>D\u00e9couvrez notre Data-Driven Creative Sprint<\/strong><\/p>\n<p>[\/vc_column_text]<div class=\" ubtn-ctn-center \"><a class=\"ubtn-link ult-adjust-bottom-margin ubtn-center ubtn-normal \" href=\"https:\/\/oaklandgrp.com\/fr\/data-driven-creative-sprint\/\" ><button type=\"button\" id=\"ubtn-2553\"  class=\"ubtn ult-adjust-bottom-margin ult-responsive ubtn-normal ubtn-no-hover-bg  none  ubtn-center   tooltip-69d5e7f22f380\"  data-hover=\"#15b4ae\" data-border-color=\"\" data-bg=\"#15b4ae\" data-hover-bg=\"#ffffff\" data-border-hover=\"\" data-shadow-hover=\"\" data-shadow-click=\"none\" data-shadow=\"\" data-shd-shadow=\"\"  data-ultimate-target='#ubtn-2553'  data-responsive-json-new='{\"font-size\":\"\",\"line-height\":\"\"}'  style=\"font-weight:normal;border:none;background: #15b4ae;color: #ffffff;\"><span class=\"ubtn-hover\" style=\"background-color:#ffffff\"><\/span><span class=\"ubtn-data ubtn-text \" >En savoir plus<\/span><\/button><\/a><\/div>[\/vc_column][\/vc_row]<\/p>\n<\/div>","protected":false},"excerpt":{"rendered":"<p>[vc_row full_width=\u00a0\u00bbstretch_row\u00a0\u00bb remove_padding=\u00a0\u00bbno-padding-vc-row\u00a0\u00bb bg_type=\u00a0\u00bbimage\u00a0\u00bb parallax_style=\u00a0\u00bbvcpb-vz-jquery\u00a0\u00bb bg_image_new=\u00a0\u00bbid^212|url^https:\/\/oaklandgrp.com\/wp-content\/uploads\/2022\/03\/head-oakseeds-data-stategy.jpg|caption^null|alt^null|title^head-oakseeds-data-stategy|description^null\u00a0\u00bb bg_image_repeat=\u00a0\u00bbno-repeat\u00a0\u00bb bg_image_size=\u00a0\u00bbinitial\u00a0\u00bb bg_override=\u00a0\u00bbfull\u00a0\u00bb css=\u00a0\u00bb.vc_custom_1648138069283{padding-top: 20px !important;padding-bottom: 50px !important;}\u00a0\u00bb][vc_column][vc_column_text el_class=\u00a0\u00bbtitre-service\u00a0\u00bb] Strat\u00e9gie des donn\u00e9es [\/vc_column_text][vc_single_image image=\u00a0\u00bb211&Prime; img_size=\u00a0\u00bbfull\u00a0\u00bb alignment=\u00a0\u00bbcenter\u00a0\u00bb el_class=\u00a0\u00bblogo-service\u00a0\u00bb][vc_column_text el_class=\u00a0\u00bbtitre-data-white-oakseeds\u00a0\u00bb] Nous pouvons vous aider \u00e0 faire des donn\u00e9es la pierre angulaire de votre strat\u00e9gie [\/vc_column_text][vc_column_text el_class=\u00a0\u00bbparagraphe-white-slider\u00a0\u00bb]&#8230;<\/p>\n","protected":false},"author":1,"featured_media":0,"parent":0,"menu_order":0,"comment_status":"closed","ping_status":"closed","template":"","meta":{"footnotes":""},"class_list":["post-2566","page","type-page","status-publish","hentry"],"yoast_head":"<!-- This site is optimized with the Yoast SEO plugin v27.3 - https:\/\/yoast.com\/product\/yoast-seo-wordpress\/ -->\n<title>Strat\u00e9gie des donn\u00e9es - Oakland Group<\/title>\n<meta name=\"description\" content=\"Data Strategy : We&#039;ll embark on a challenging journey to change your direction of thinking and execution towards strategic data dimensions.\" \/>\n<meta name=\"robots\" content=\"index, follow, max-snippet:-1, max-image-preview:large, max-video-preview:-1\" \/>\n<link rel=\"canonical\" href=\"https:\/\/oaklandgrp.com\/fr\/data-strategy\/\" \/>\n<meta property=\"og:locale\" content=\"fr_FR\" \/>\n<meta property=\"og:type\" content=\"article\" \/>\n<meta property=\"og:title\" content=\"Strat\u00e9gie des donn\u00e9es - Oakland Group\" \/>\n<meta property=\"og:description\" content=\"Data Strategy : We&#039;ll embark on a challenging journey to change your direction of thinking and execution towards strategic data dimensions.\" \/>\n<meta property=\"og:url\" content=\"https:\/\/oaklandgrp.com\/fr\/data-strategy\/\" \/>\n<meta property=\"og:site_name\" content=\"Oakland Group\" \/>\n<meta property=\"article:modified_time\" content=\"2024-12-31T08:45:54+00:00\" \/>\n<meta property=\"og:image\" content=\"https:\/\/oaklandgrp.com\/wp-content\/uploads\/2023\/11\/Logo-Kim-sans-posi-copie.png\" \/>\n\t<meta property=\"og:image:width\" content=\"1200\" \/>\n\t<meta property=\"og:image:height\" content=\"675\" \/>\n\t<meta property=\"og:image:type\" content=\"image\/png\" \/>\n<meta name=\"twitter:card\" content=\"summary_large_image\" \/>\n<meta name=\"twitter:label1\" content=\"Dur\u00e9e de lecture estim\u00e9e\" \/>\n\t<meta name=\"twitter:data1\" content=\"4 minutes\" \/>\n<script type=\"application\/ld+json\" class=\"yoast-schema-graph\">{\"@context\":\"https:\\\/\\\/schema.org\",\"@graph\":[{\"@type\":\"WebPage\",\"@id\":\"https:\\\/\\\/oaklandgrp.com\\\/fr\\\/data-strategy\\\/\",\"url\":\"https:\\\/\\\/oaklandgrp.com\\\/fr\\\/data-strategy\\\/\",\"name\":\"Strat\u00e9gie des donn\u00e9es - Oakland Group\",\"isPartOf\":{\"@id\":\"https:\\\/\\\/oaklandgrp.com\\\/#website\"},\"datePublished\":\"2022-03-16T12:49:29+00:00\",\"dateModified\":\"2024-12-31T08:45:54+00:00\",\"description\":\"Data Strategy : We'll embark on a challenging journey to change your direction of thinking and execution towards strategic data dimensions.\",\"breadcrumb\":{\"@id\":\"https:\\\/\\\/oaklandgrp.com\\\/fr\\\/data-strategy\\\/#breadcrumb\"},\"inLanguage\":\"fr-FR\",\"potentialAction\":[{\"@type\":\"ReadAction\",\"target\":[\"https:\\\/\\\/oaklandgrp.com\\\/fr\\\/data-strategy\\\/\"]}]},{\"@type\":\"BreadcrumbList\",\"@id\":\"https:\\\/\\\/oaklandgrp.com\\\/fr\\\/data-strategy\\\/#breadcrumb\",\"itemListElement\":[{\"@type\":\"ListItem\",\"position\":1,\"name\":\"Home\",\"item\":\"https:\\\/\\\/oaklandgrp.com\\\/fr\\\/\"},{\"@type\":\"ListItem\",\"position\":2,\"name\":\"Strat\u00e9gie des donn\u00e9es\"}]},{\"@type\":\"WebSite\",\"@id\":\"https:\\\/\\\/oaklandgrp.com\\\/#website\",\"url\":\"https:\\\/\\\/oaklandgrp.com\\\/\",\"name\":\"Oakland Group\",\"description\":\"Asset Your Business Data\",\"publisher\":{\"@id\":\"https:\\\/\\\/oaklandgrp.com\\\/#organization\"},\"potentialAction\":[{\"@type\":\"SearchAction\",\"target\":{\"@type\":\"EntryPoint\",\"urlTemplate\":\"https:\\\/\\\/oaklandgrp.com\\\/?s={search_term_string}\"},\"query-input\":{\"@type\":\"PropertyValueSpecification\",\"valueRequired\":true,\"valueName\":\"search_term_string\"}}],\"inLanguage\":\"fr-FR\"},{\"@type\":\"Organization\",\"@id\":\"https:\\\/\\\/oaklandgrp.com\\\/#organization\",\"name\":\"Oakland Group\",\"url\":\"https:\\\/\\\/oaklandgrp.com\\\/\",\"logo\":{\"@type\":\"ImageObject\",\"inLanguage\":\"fr-FR\",\"@id\":\"https:\\\/\\\/oaklandgrp.com\\\/#\\\/schema\\\/logo\\\/image\\\/\",\"url\":\"\",\"contentUrl\":\"\",\"caption\":\"Oakland Group\"},\"image\":{\"@id\":\"https:\\\/\\\/oaklandgrp.com\\\/#\\\/schema\\\/logo\\\/image\\\/\"}}]}<\/script>\n<!-- \/ Yoast SEO plugin. -->","yoast_head_json":{"title":"Strat\u00e9gie des donn\u00e9es - Oakland Group","description":"Data Strategy : We'll embark on a challenging journey to change your direction of thinking and execution towards strategic data dimensions.","robots":{"index":"index","follow":"follow","max-snippet":"max-snippet:-1","max-image-preview":"max-image-preview:large","max-video-preview":"max-video-preview:-1"},"canonical":"https:\/\/oaklandgrp.com\/fr\/data-strategy\/","og_locale":"fr_FR","og_type":"article","og_title":"Strat\u00e9gie des donn\u00e9es - Oakland Group","og_description":"Data Strategy : We'll embark on a challenging journey to change your direction of thinking and execution towards strategic data dimensions.","og_url":"https:\/\/oaklandgrp.com\/fr\/data-strategy\/","og_site_name":"Oakland Group","article_modified_time":"2024-12-31T08:45:54+00:00","og_image":[{"width":1200,"height":675,"url":"https:\/\/oaklandgrp.com\/wp-content\/uploads\/2023\/11\/Logo-Kim-sans-posi-copie.png","type":"image\/png"}],"twitter_card":"summary_large_image","twitter_misc":{"Dur\u00e9e de lecture estim\u00e9e":"4 minutes"},"schema":{"@context":"https:\/\/schema.org","@graph":[{"@type":"WebPage","@id":"https:\/\/oaklandgrp.com\/fr\/data-strategy\/","url":"https:\/\/oaklandgrp.com\/fr\/data-strategy\/","name":"Strat\u00e9gie des donn\u00e9es - Oakland Group","isPartOf":{"@id":"https:\/\/oaklandgrp.com\/#website"},"datePublished":"2022-03-16T12:49:29+00:00","dateModified":"2024-12-31T08:45:54+00:00","description":"Data Strategy : We'll embark on a challenging journey to change your direction of thinking and execution towards strategic data dimensions.","breadcrumb":{"@id":"https:\/\/oaklandgrp.com\/fr\/data-strategy\/#breadcrumb"},"inLanguage":"fr-FR","potentialAction":[{"@type":"ReadAction","target":["https:\/\/oaklandgrp.com\/fr\/data-strategy\/"]}]},{"@type":"BreadcrumbList","@id":"https:\/\/oaklandgrp.com\/fr\/data-strategy\/#breadcrumb","itemListElement":[{"@type":"ListItem","position":1,"name":"Home","item":"https:\/\/oaklandgrp.com\/fr\/"},{"@type":"ListItem","position":2,"name":"Strat\u00e9gie des donn\u00e9es"}]},{"@type":"WebSite","@id":"https:\/\/oaklandgrp.com\/#website","url":"https:\/\/oaklandgrp.com\/","name":"Oakland Group","description":"Asset Your Business Data","publisher":{"@id":"https:\/\/oaklandgrp.com\/#organization"},"potentialAction":[{"@type":"SearchAction","target":{"@type":"EntryPoint","urlTemplate":"https:\/\/oaklandgrp.com\/?s={search_term_string}"},"query-input":{"@type":"PropertyValueSpecification","valueRequired":true,"valueName":"search_term_string"}}],"inLanguage":"fr-FR"},{"@type":"Organization","@id":"https:\/\/oaklandgrp.com\/#organization","name":"Oakland Group","url":"https:\/\/oaklandgrp.com\/","logo":{"@type":"ImageObject","inLanguage":"fr-FR","@id":"https:\/\/oaklandgrp.com\/#\/schema\/logo\/image\/","url":"","contentUrl":"","caption":"Oakland Group"},"image":{"@id":"https:\/\/oaklandgrp.com\/#\/schema\/logo\/image\/"}}]}},"_links":{"self":[{"href":"https:\/\/oaklandgrp.com\/fr\/wp-json\/wp\/v2\/pages\/2566","targetHints":{"allow":["GET"]}}],"collection":[{"href":"https:\/\/oaklandgrp.com\/fr\/wp-json\/wp\/v2\/pages"}],"about":[{"href":"https:\/\/oaklandgrp.com\/fr\/wp-json\/wp\/v2\/types\/page"}],"author":[{"embeddable":true,"href":"https:\/\/oaklandgrp.com\/fr\/wp-json\/wp\/v2\/users\/1"}],"replies":[{"embeddable":true,"href":"https:\/\/oaklandgrp.com\/fr\/wp-json\/wp\/v2\/comments?post=2566"}],"version-history":[{"count":8,"href":"https:\/\/oaklandgrp.com\/fr\/wp-json\/wp\/v2\/pages\/2566\/revisions"}],"predecessor-version":[{"id":2681,"href":"https:\/\/oaklandgrp.com\/fr\/wp-json\/wp\/v2\/pages\/2566\/revisions\/2681"}],"wp:attachment":[{"href":"https:\/\/oaklandgrp.com\/fr\/wp-json\/wp\/v2\/media?parent=2566"}],"curies":[{"name":"wp","href":"https:\/\/api.w.org\/{rel}","templated":true}]}}