{"id":2568,"date":"2022-03-16T17:51:42","date_gmt":"2022-03-16T16:51:42","guid":{"rendered":"https:\/\/oaklandgrp.com\/dedicated-approach\/"},"modified":"2025-01-06T11:42:11","modified_gmt":"2025-01-06T10:42:11","slug":"dedicated-approach","status":"publish","type":"page","link":"https:\/\/oaklandgrp.com\/fr\/dedicated-approach\/","title":{"rendered":"Une approche d\u00e9di\u00e9e"},"content":{"rendered":"<div class=\"wpb-content-wrapper\"><p>[vc_row full_width=\u00a0\u00bbstretch_row\u00a0\u00bb remove_padding=\u00a0\u00bbno-padding-vc-row\u00a0\u00bb bg_type=\u00a0\u00bbimage\u00a0\u00bb parallax_style=\u00a0\u00bbvcpb-vz-jquery\u00a0\u00bb bg_image_new=\u00a0\u00bbid^299|url^https:\/\/oaklandgrp.com\/wp-content\/uploads\/2022\/03\/head-oakland-dedicated-approach.jpg|caption^null|alt^null|title^head-oakland-dedicated-approach|description^null\u00a0\u00bb bg_image_repeat=\u00a0\u00bbno-repeat\u00a0\u00bb bg_image_size=\u00a0\u00bbinitial\u00a0\u00bb bg_override=\u00a0\u00bbfull\u00a0\u00bb css=\u00a0\u00bb.vc_custom_1647449579975{padding-top: 70px !important;padding-bottom: 70px !important;}\u00a0\u00bb][vc_column offset=\u00a0\u00bbvc_col-lg-offset-2 vc_col-lg-8 vc_col-md-offset-1 vc_col-md-10&Prime;][vc_column_text el_class=\u00a0\u00bbtitre-data-white-oakseeds\u00a0\u00bb]<\/p>\n<p style=\"text-align: center;\">Certains march\u00e9s m\u00e9ritent une attention particuli\u00e8re<\/p>\n<p>[\/vc_column_text][vc_column_text el_class=\u00a0\u00bbparagraphe-white\u00a0\u00bb]<\/p>\n<p style=\"text-align: center;\">Chaque secteur d&rsquo;activit\u00e9 a un mode de fonctionnement sp\u00e9cifique. Ainsi, le type de donn\u00e9es utilis\u00e9es ainsi que les processus de traitement peuvent \u00eatre tr\u00e8s diff\u00e9rents. Forts de notre exp\u00e9rience r\u00e9ussie sur certains march\u00e9s, nous avons choisi de d\u00e9velopper des approches tr\u00e8s cibl\u00e9es pour r\u00e9pondre au mieux \u00e0 vos enjeux<\/p>\n<p>[\/vc_column_text][\/vc_column][\/vc_row][vc_row full_width=\u00a0\u00bbstretch_row\u00a0\u00bb equal_height=\u00a0\u00bbyes\u00a0\u00bb remove_padding=\u00a0\u00bbno-padding-vc-row\u00a0\u00bb css=\u00a0\u00bb.vc_custom_1662469325269{padding-top: 50px !important;}\u00a0\u00bb el_id=\u00a0\u00bbhr\u00a0\u00bb][vc_column width=\u00a0\u00bb1\/2&Prime;][vc_single_image image=\u00a0\u00bb300&Prime; img_size=\u00a0\u00bbfull\u00a0\u00bb el_class=\u00a0\u00bbDA-picto\u00a0\u00bb][vc_column_text el_class=\u00a0\u00bbservice-titre-picto\u00a0\u00bb]<\/p>\n<p style=\"text-align: left;\">Ressources Humaines<\/p>\n<p>[\/vc_column_text][vc_column_text el_class=\u00a0\u00bbparagraphe\u00a0\u00bb]<\/p>\n<p style=\"font-weight: 400;\">Outre les comp\u00e9tences et l&rsquo;exp\u00e9rience des personnes, il est absolument essentiel de cultiver leurs talents, ce qui est sans doute encore plus important. Le talent est le principal facteur de diff\u00e9renciation, tant pour l&rsquo;individu que pour le projet ou l&rsquo;organisation, puisque les talents de l&rsquo;entreprise sont la somme des talents de ses collaborateurs. \u00c0 cette fin, OAKleaf for Human vise \u00e0 proposer des services et des solutions qui concentrent l&rsquo;expertise du groupe Oakland sur de nouveaux paradigmes relationnels entre les individus et les entreprises, en pla\u00e7ant les bonnes \u00e9nergies au bon endroit et au bon moment.<br \/>\nLa mission globale d&rsquo;Oakleaf for Human est de fournir des donn\u00e9es intelligentes, appropri\u00e9es et \u00e9thiques, afin que les individus et les entreprises disposent du meilleur levier possible pour r\u00e9aliser leurs ambitions professionnelles.<\/p>\n<p>[\/vc_column_text]<div class=\" ubtn-ctn-left \"><a class=\"ubtn-link ult-adjust-bottom-margin ubtn-left ubtn-normal \" href=\"https:\/\/oaklandgrp.com\/fr\/contact\/\" title=\"Contact\" ><button type=\"button\" id=\"ubtn-4324\"  class=\"ubtn ult-adjust-bottom-margin ult-responsive ubtn-normal ubtn-no-hover-bg  none  ubtn-left   tooltip-69e241c847345\"  data-hover=\"#652580\" data-border-color=\"\" data-bg=\"#652580\" data-hover-bg=\"#ffffff\" data-border-hover=\"\" data-shadow-hover=\"\" data-shadow-click=\"none\" data-shadow=\"\" data-shd-shadow=\"\"  data-ultimate-target='#ubtn-4324'  data-responsive-json-new='{\"font-size\":\"\",\"line-height\":\"\"}'  style=\"font-weight:normal;border:none;background: #652580;color: #ffffff;\"><span class=\"ubtn-hover\" style=\"background-color:#ffffff\"><\/span><span class=\"ubtn-data ubtn-text \" >Nous contacter<\/span><\/button><\/a><\/div>[\/vc_column][vc_column width=\u00a0\u00bb1\/2&Prime;][vc_single_image image=\u00a0\u00bb301&Prime; img_size=\u00a0\u00bbfull\u00a0\u00bb alignment=\u00a0\u00bbcenter\u00a0\u00bb][\/vc_column][\/vc_row][vc_row full_width=\u00a0\u00bbstretch_row\u00a0\u00bb equal_height=\u00a0\u00bbyes\u00a0\u00bb remove_padding=\u00a0\u00bbno-padding-vc-row\u00a0\u00bb css=\u00a0\u00bb.vc_custom_1662469331556{padding-top: 50px !important;}\u00a0\u00bb el_id=\u00a0\u00bbeducation\u00a0\u00bb][vc_column width=\u00a0\u00bb1\/2&Prime;][vc_single_image image=\u00a0\u00bb308&Prime; img_size=\u00a0\u00bbfull\u00a0\u00bb alignment=\u00a0\u00bbcenter\u00a0\u00bb][\/vc_column][vc_column width=\u00a0\u00bb1\/2&Prime;][vc_single_image image=\u00a0\u00bb307&Prime; img_size=\u00a0\u00bbfull\u00a0\u00bb el_class=\u00a0\u00bbDA-picto\u00a0\u00bb][vc_column_text el_class=\u00a0\u00bbservice-titre-picto\u00a0\u00bb]<\/p>\n<p style=\"text-align: left;\">Education<\/p>\n<p>[\/vc_column_text][vc_column_text el_class=\u00a0\u00bbparagraphe\u00a0\u00bb]<\/p>\n<p style=\"font-weight: 400;\">Pour nous, l&rsquo;\u00e9ducation est l&rsquo;un des domaines les plus importants, car il s&rsquo;agit de former l&rsquo;esprit de nos futurs citoyens \u00e0 faire face \u00e0 des d\u00e9fis multidimensionnels et au monde qu&rsquo;ils vont construire<br \/>\nLes appareils num\u00e9riques, les m\u00e9dias sociaux et l&rsquo;acc\u00e8s illimit\u00e9 et en temps r\u00e9el \u00e0 l&rsquo;information remod\u00e8lent rapidement la vie et les besoins des \u00e9tudiants. Nous devons repousser les limites classiques des \u00e9cosyst\u00e8mes \u00e9ducatifs en termes de partage de l&rsquo;information et des ressources avec les \u00e9tudiants. En fait, nous devons nous-m\u00eames devenir des \u00e9tudiants perp\u00e9tuels.<br \/>\nLa mission globale d&rsquo;Oakleaf for Education est de fournir des donn\u00e9es intelligentes, appropri\u00e9es et \u00e9thiques offrant de nouveaux services destin\u00e9s au partage continu et adaptatif des connaissances et \u00e0 la fourniture de ressources aux \u00e9tudiants, et de repousser les limites des \u00e9cosyst\u00e8mes \u00e9ducatifs traditionnels.<\/p>\n<p>[\/vc_column_text]<div class=\" ubtn-ctn-left \"><a class=\"ubtn-link ult-adjust-bottom-margin ubtn-left ubtn-normal \" href=\"https:\/\/oaklandgrp.com\/fr\/contact\/\" title=\"Contact\" ><button type=\"button\" id=\"ubtn-7184\"  class=\"ubtn ult-adjust-bottom-margin ult-responsive ubtn-normal ubtn-no-hover-bg  none  ubtn-left   tooltip-69e241c847dc5\"  data-hover=\"#652580\" data-border-color=\"\" data-bg=\"#652580\" data-hover-bg=\"#ffffff\" data-border-hover=\"\" data-shadow-hover=\"\" data-shadow-click=\"none\" data-shadow=\"\" data-shd-shadow=\"\"  data-ultimate-target='#ubtn-7184'  data-responsive-json-new='{\"font-size\":\"\",\"line-height\":\"\"}'  style=\"font-weight:normal;border:none;background: #652580;color: #ffffff;\"><span class=\"ubtn-hover\" style=\"background-color:#ffffff\"><\/span><span class=\"ubtn-data ubtn-text \" >Nous contacter<\/span><\/button><\/a><\/div>[\/vc_column][\/vc_row][vc_row full_width=\u00a0\u00bbstretch_row\u00a0\u00bb equal_height=\u00a0\u00bbyes\u00a0\u00bb remove_padding=\u00a0\u00bbno-padding-vc-row\u00a0\u00bb css=\u00a0\u00bb.vc_custom_1662469344039{padding-top: 50px !important;}\u00a0\u00bb el_id=\u00a0\u00bbsport\u00a0\u00bb][vc_column width=\u00a0\u00bb1\/2&Prime;][vc_single_image image=\u00a0\u00bb310&Prime; img_size=\u00a0\u00bbfull\u00a0\u00bb el_class=\u00a0\u00bbDA-picto\u00a0\u00bb][vc_column_text el_class=\u00a0\u00bbservice-titre-picto\u00a0\u00bb]<\/p>\n<p style=\"text-align: left;\">Sport<\/p>\n<p>[\/vc_column_text][vc_column_text el_class=\u00a0\u00bbparagraphe\u00a0\u00bb]<\/p>\n<p style=\"font-weight: 400;\">Le sport nous fascine lorsque les performances sont pouss\u00e9es \u00e0 leur paroxysme. Des disciplines et des m\u00e9thodes cognitives innovantes \u00e9mergent actuellement et permettent aux athl\u00e8tes, aux joueurs et aux comp\u00e9titeurs de progresser dans d&rsquo;autres domaines et de r\u00e9inventer certains aspects de leur sport. Ces nouvelles tendances \u00e9prouv\u00e9es n\u00e9cessitent la collecte de diff\u00e9rentes donn\u00e9es ainsi que diff\u00e9rentes m\u00e9thodes de corr\u00e9lation des donn\u00e9es afin de parvenir \u00e0 une analyse correcte.<br \/>\nLa mission globale de Oakleaf for Sport est de fournir des donn\u00e9es intelligentes, appropri\u00e9es et \u00e9thiques afin de promouvoir la perspective cognitive appropri\u00e9e sur la performance.<\/p>\n<p>[\/vc_column_text]<div class=\" ubtn-ctn-left \"><a class=\"ubtn-link ult-adjust-bottom-margin ubtn-left ubtn-normal \" href=\"https:\/\/oaklandgrp.com\/fr\/contact\/\" title=\"Contact\" ><button type=\"button\" id=\"ubtn-1767\"  class=\"ubtn ult-adjust-bottom-margin ult-responsive ubtn-normal ubtn-no-hover-bg  none  ubtn-left   tooltip-69e241c847e11\"  data-hover=\"#652580\" data-border-color=\"\" data-bg=\"#652580\" data-hover-bg=\"#ffffff\" data-border-hover=\"\" data-shadow-hover=\"\" data-shadow-click=\"none\" data-shadow=\"\" data-shd-shadow=\"\"  data-ultimate-target='#ubtn-1767'  data-responsive-json-new='{\"font-size\":\"\",\"line-height\":\"\"}'  style=\"font-weight:normal;border:none;background: #652580;color: #ffffff;\"><span class=\"ubtn-hover\" style=\"background-color:#ffffff\"><\/span><span class=\"ubtn-data ubtn-text \" >Nous contacter<\/span><\/button><\/a><\/div>[\/vc_column][vc_column width=\u00a0\u00bb1\/2&Prime;][vc_single_image image=\u00a0\u00bb309&Prime; img_size=\u00a0\u00bbfull\u00a0\u00bb alignment=\u00a0\u00bbcenter\u00a0\u00bb][\/vc_column][\/vc_row][vc_row full_width=\u00a0\u00bbstretch_row\u00a0\u00bb remove_padding=\u00a0\u00bbno-padding-vc-row\u00a0\u00bb bg_type=\u00a0\u00bbimage\u00a0\u00bb parallax_style=\u00a0\u00bbvcpb-vz-jquery\u00a0\u00bb bg_image_new=\u00a0\u00bbid^312|url^https:\/\/oaklandgrp.com\/wp-content\/uploads\/2022\/03\/dedicated-approach-form-contact.jpg|caption^null|alt^null|title^dedicated-approach-form-contact|description^null\u00a0\u00bb bg_image_repeat=\u00a0\u00bbno-repeat\u00a0\u00bb bg_image_size=\u00a0\u00bbinitial\u00a0\u00bb bg_override=\u00a0\u00bbfull\u00a0\u00bb css=\u00a0\u00bb.vc_custom_1648210355145{padding-top: 60px !important;padding-bottom: 60px !important;}\u00a0\u00bb][vc_column][vc_column_text el_class=\u00a0\u00bbtitre-data-white-DA\u00a0\u00bb]<\/p>\n<p style=\"text-align: center;\">Int\u00e9ress\u00e9 par notre approche d\u00e9di\u00e9e ?<\/p>\n<p>[\/vc_column_text][vc_column_text el_class=\u00a0\u00bbparagraphe-white\u00a0\u00bb]<\/p>\n<p style=\"text-align: center;\">Vous souhaitez obtenir plus d&rsquo;informations sur ces march\u00e9s. Nous nous ferons un plaisir d&rsquo;en discuter avec vous :<\/p>\n<p>[\/vc_column_text][vc_row_inner][vc_column_inner width=\u00a0\u00bb1\/4&Prime;][\/vc_column_inner][vc_column_inner width=\u00a0\u00bb1\/2&Prime;]\n<div class=\"wpcf7 no-js\" id=\"wpcf7-f2704-o1\" lang=\"fr-FR\" dir=\"ltr\" data-wpcf7-id=\"2704\">\n<div class=\"screen-reader-response\"><p role=\"status\" aria-live=\"polite\" aria-atomic=\"true\"><\/p> <ul><\/ul><\/div>\n<form action=\"\/fr\/wp-json\/wp\/v2\/pages\/2568#wpcf7-f2704-o1\" method=\"post\" class=\"wpcf7-form init\" aria-label=\"Formulaire de contact\" novalidate=\"novalidate\" data-status=\"init\">\n<fieldset class=\"hidden-fields-container\"><input type=\"hidden\" name=\"_wpcf7\" value=\"2704\" \/><input type=\"hidden\" name=\"_wpcf7_version\" value=\"6.1.5\" \/><input type=\"hidden\" name=\"_wpcf7_locale\" value=\"fr_FR\" \/><input type=\"hidden\" name=\"_wpcf7_unit_tag\" value=\"wpcf7-f2704-o1\" \/><input type=\"hidden\" name=\"_wpcf7_container_post\" value=\"0\" \/><input type=\"hidden\" name=\"_wpcf7_posted_data_hash\" value=\"\" \/><input type=\"hidden\" name=\"_wpcf7_recaptcha_response\" value=\"\" \/>\n<\/fieldset>\n<div class=\"vc_row\">\n\t<div class=\"wpb_column vc_column_container vc_col-sm-6 onleft\">\n\t\t<p><span class=\"wpcf7-form-control-wrap\" data-name=\"text-first-name\"><input size=\"40\" maxlength=\"400\" class=\"wpcf7-form-control wpcf7-text wpcf7-validates-as-required\" aria-required=\"true\" aria-invalid=\"false\" placeholder=\"Pr\u00e9nom\" value=\"\" type=\"text\" name=\"text-first-name\" \/><\/span>\n\t\t<\/p>\n\t<\/div>\n\t<div class=\"wpb_column vc_column_container vc_col-sm-6 onright\">\n\t\t<p><span class=\"wpcf7-form-control-wrap\" data-name=\"text-last-name\"><input size=\"40\" maxlength=\"400\" class=\"wpcf7-form-control wpcf7-text wpcf7-validates-as-required\" aria-required=\"true\" aria-invalid=\"false\" placeholder=\"Nom\" value=\"\" type=\"text\" name=\"text-last-name\" \/><\/span>\n\t\t<\/p>\n\t<\/div>\n<\/div>\n<div class=\"vc_row\">\n\t<div class=\"wpb_column vc_column_container vc_col-sm-12\">\n\t\t<p><span class=\"wpcf7-form-control-wrap\" data-name=\"text-company\"><input size=\"40\" maxlength=\"400\" class=\"wpcf7-form-control wpcf7-text wpcf7-validates-as-required\" aria-required=\"true\" aria-invalid=\"false\" placeholder=\"Soci\u00e9t\u00e9\" value=\"\" type=\"text\" name=\"text-company\" \/><\/span>\n\t\t<\/p>\n\t<\/div>\n<\/div>\n<div class=\"vc_row\">\n\t<div class=\"wpb_column vc_column_container vc_col-sm-12\">\n\t\t<p><span class=\"wpcf7-form-control-wrap\" data-name=\"email-783\"><input size=\"40\" maxlength=\"400\" class=\"wpcf7-form-control wpcf7-email wpcf7-validates-as-required wpcf7-text wpcf7-validates-as-email\" aria-required=\"true\" aria-invalid=\"false\" placeholder=\"Email\" value=\"\" type=\"email\" name=\"email-783\" \/><\/span>\n\t\t<\/p>\n\t<\/div>\n<\/div>\n<div class=\"vc_row\">\n\t<div class=\"wpb_column vc_column_container vc_col-sm-12\">\n\t\t<p><span class=\"wpcf7-form-control-wrap\" data-name=\"textarea-152\"><textarea cols=\"40\" rows=\"10\" maxlength=\"2000\" class=\"wpcf7-form-control wpcf7-textarea wpcf7-validates-as-required\" aria-required=\"true\" aria-invalid=\"false\" placeholder=\"Message\" name=\"textarea-152\"><\/textarea><\/span>\n\t\t<\/p>\n\t<\/div>\n<\/div>\n<div class=\"row\">\n\t<div class=\"col-md-6\">\n\t<span class=\"wpcf7-form-control-wrap recaptcha\" data-name=\"recaptcha\"><span data-sitekey=\"6LdRrT4jAAAAAFdD8yeB8g1EQFtikw1jYzQ1PWn8\" class=\"wpcf7-form-control wpcf7-recaptcha g-recaptcha\"><\/span>\r\n<noscript>\r\n\t<div class=\"grecaptcha-noscript\">\r\n\t\t <div class=\"brlbs-cmpnt-container brlbs-cmpnt-content-blocker brlbs-cmpnt-with-individual-styles\" data-borlabs-cookie-content-blocker-id=\"default\" data-borlabs-cookie-content=\"PGlmcmFtZSBsb2FkaW5nPSJsYXp5IiBzcmM9Imh0dHBzOi8vd3d3Lmdvb2dsZS5jb20vcmVjYXB0Y2hhL2FwaS9mYWxsYmFjaz9rPTZMZFJyVDRqQUFBQUFGZEQ4eWVCOGcxRVFGdGlrdzFqWXpRMVBXbjgiIGZyYW1lYm9yZGVyPSIwIiBzY3JvbGxpbmc9Im5vIiB3aWR0aD0iMzEwIiBoZWlnaHQ9IjQzMCI+DQoJCTwvaWZyYW1lPg==\"><div class=\"brlbs-cmpnt-cb-preset-a\"> <p class=\"brlbs-cmpnt-cb-description\">Vous \u00eates actuellement en train de consulter le contenu d'un espace r\u00e9serv\u00e9 de <strong>Par d\u00e9faut<\/strong>. Pour acc\u00e9der au contenu r\u00e9el, cliquez sur le bouton ci-dessous. Veuillez noter que ce faisant, des donn\u00e9es seront partag\u00e9es avec des providers tiers.<\/p> <div class=\"brlbs-cmpnt-cb-buttons\"> <a class=\"brlbs-cmpnt-cb-btn\" href=\"#\" data-borlabs-cookie-unblock role=\"button\">D\u00e9bloquer le contenu<\/a> <a class=\"brlbs-cmpnt-cb-btn\" href=\"#\" data-borlabs-cookie-accept-service role=\"button\" style=\"display: none\">Accepter le service requis et d\u00e9bloquer les contenus<\/a> <\/div> <a class=\"brlbs-cmpnt-cb-provider-toggle\" href=\"#\" data-borlabs-cookie-show-provider-information role=\"button\">Plus d'informations<\/a> <\/div><\/div>\r\n\t\t<textarea name=\"g-recaptcha-response\" rows=\"3\" cols=\"40\" placeholder=\"reCaptcha Response Here\">\r\n\t\t<\/textarea>\r\n\t<\/div>\r\n<\/noscript>\r\n<\/span>\n\t<\/div>\n\t<div class=\"col-md-6\">\n\t\t<p><span id=\"wpcf7-69e241c84960f-wrapper\" class=\"wpcf7-form-control-wrap company-125-wrap\" ><input type=\"hidden\" name=\"company-125-time-start\" value=\"1776435656\"><input type=\"hidden\" name=\"company-125-time-check\" value=\"4\"><label for=\"wpcf7-69e241c84960f-field\" class=\"hp-message\">Veuillez laisser ce champ vide.<\/label><input id=\"wpcf7-69e241c84960f-field\"  placeholder=\"Company\"  class=\"wpcf7-form-control wpcf7-text\" type=\"text\" name=\"company-125\" value=\"\" size=\"40\" tabindex=\"-1\" autocomplete=\"new-password\" \/><\/span>\n\t\t<\/p>\n\t<\/div>\n<\/div>\n<div class=\"vc_row\">\n\t<div class=\"wpb_column vc_column_container vc_col-sm-12 bouton\">\n\t\t<p><input class=\"wpcf7-form-control wpcf7-submit has-spinner\" type=\"submit\" value=\"ENVOYER\" \/>\n\t\t<\/p>\n\t<\/div>\n<\/div><div class=\"wpcf7-response-output\" aria-hidden=\"true\"><\/div>\n<\/form>\n<\/div>\n[\/vc_column_inner][vc_column_inner width=\u00a0\u00bb1\/4&Prime;][\/vc_column_inner][\/vc_row_inner][\/vc_column][\/vc_row]<\/p>\n<\/div>","protected":false},"excerpt":{"rendered":"<p>[vc_row full_width=\u00a0\u00bbstretch_row\u00a0\u00bb remove_padding=\u00a0\u00bbno-padding-vc-row\u00a0\u00bb bg_type=\u00a0\u00bbimage\u00a0\u00bb parallax_style=\u00a0\u00bbvcpb-vz-jquery\u00a0\u00bb bg_image_new=\u00a0\u00bbid^299|url^https:\/\/oaklandgrp.com\/wp-content\/uploads\/2022\/03\/head-oakland-dedicated-approach.jpg|caption^null|alt^null|title^head-oakland-dedicated-approach|description^null\u00a0\u00bb bg_image_repeat=\u00a0\u00bbno-repeat\u00a0\u00bb bg_image_size=\u00a0\u00bbinitial\u00a0\u00bb bg_override=\u00a0\u00bbfull\u00a0\u00bb css=\u00a0\u00bb.vc_custom_1647449579975{padding-top: 70px !important;padding-bottom: 70px !important;}\u00a0\u00bb][vc_column offset=\u00a0\u00bbvc_col-lg-offset-2 vc_col-lg-8 vc_col-md-offset-1 vc_col-md-10&Prime;][vc_column_text el_class=\u00a0\u00bbtitre-data-white-oakseeds\u00a0\u00bb] Certains march\u00e9s m\u00e9ritent une attention particuli\u00e8re [\/vc_column_text][vc_column_text el_class=\u00a0\u00bbparagraphe-white\u00a0\u00bb] Chaque secteur d&rsquo;activit\u00e9 a un mode de fonctionnement sp\u00e9cifique. Ainsi, le type de&#8230;<\/p>\n","protected":false},"author":1,"featured_media":0,"parent":0,"menu_order":0,"comment_status":"closed","ping_status":"closed","template":"","meta":{"footnotes":""},"class_list":["post-2568","page","type-page","status-publish","hentry"],"yoast_head":"<!-- This site is optimized with the Yoast SEO plugin v27.4 - https:\/\/yoast.com\/product\/yoast-seo-wordpress\/ -->\n<title>OAKleaf - OAKland Group<\/title>\n<meta name=\"description\" content=\"Based on our successful experience in certain markets, OAKleaf has chosen to develop highly targeted approaches to best meet your challenges.\" \/>\n<meta name=\"robots\" content=\"index, follow, max-snippet:-1, max-image-preview:large, max-video-preview:-1\" \/>\n<link rel=\"canonical\" href=\"https:\/\/oaklandgrp.com\/fr\/dedicated-approach\/\" \/>\n<meta property=\"og:locale\" content=\"fr_FR\" \/>\n<meta property=\"og:type\" content=\"article\" \/>\n<meta property=\"og:title\" content=\"OAKleaf - OAKland Group\" \/>\n<meta property=\"og:description\" content=\"Based on our successful experience in certain markets, OAKleaf has chosen to develop highly targeted approaches to best meet your challenges.\" \/>\n<meta property=\"og:url\" content=\"https:\/\/oaklandgrp.com\/fr\/dedicated-approach\/\" \/>\n<meta property=\"og:site_name\" content=\"Oakland Group\" \/>\n<meta property=\"article:modified_time\" content=\"2025-01-06T10:42:11+00:00\" \/>\n<meta property=\"og:image\" content=\"https:\/\/oaklandgrp.com\/wp-content\/uploads\/2023\/11\/Logo-Kim-sans-posi-copie.png\" \/>\n\t<meta property=\"og:image:width\" content=\"1200\" \/>\n\t<meta property=\"og:image:height\" content=\"675\" \/>\n\t<meta property=\"og:image:type\" content=\"image\/png\" \/>\n<meta name=\"twitter:card\" content=\"summary_large_image\" \/>\n<meta name=\"twitter:label1\" content=\"Dur\u00e9e de lecture estim\u00e9e\" \/>\n\t<meta name=\"twitter:data1\" content=\"4 minutes\" \/>\n<script type=\"application\/ld+json\" class=\"yoast-schema-graph\">{\"@context\":\"https:\\\/\\\/schema.org\",\"@graph\":[{\"@type\":\"WebPage\",\"@id\":\"https:\\\/\\\/oaklandgrp.com\\\/fr\\\/dedicated-approach\\\/\",\"url\":\"https:\\\/\\\/oaklandgrp.com\\\/fr\\\/dedicated-approach\\\/\",\"name\":\"OAKleaf - OAKland Group\",\"isPartOf\":{\"@id\":\"https:\\\/\\\/oaklandgrp.com\\\/#website\"},\"datePublished\":\"2022-03-16T16:51:42+00:00\",\"dateModified\":\"2025-01-06T10:42:11+00:00\",\"description\":\"Based on our successful experience in certain markets, OAKleaf has chosen to develop highly targeted approaches to best meet your challenges.\",\"breadcrumb\":{\"@id\":\"https:\\\/\\\/oaklandgrp.com\\\/fr\\\/dedicated-approach\\\/#breadcrumb\"},\"inLanguage\":\"fr-FR\",\"potentialAction\":[{\"@type\":\"ReadAction\",\"target\":[\"https:\\\/\\\/oaklandgrp.com\\\/fr\\\/dedicated-approach\\\/\"]}]},{\"@type\":\"BreadcrumbList\",\"@id\":\"https:\\\/\\\/oaklandgrp.com\\\/fr\\\/dedicated-approach\\\/#breadcrumb\",\"itemListElement\":[{\"@type\":\"ListItem\",\"position\":1,\"name\":\"Home\",\"item\":\"https:\\\/\\\/oaklandgrp.com\\\/fr\\\/\"},{\"@type\":\"ListItem\",\"position\":2,\"name\":\"Une approche d\u00e9di\u00e9e\"}]},{\"@type\":\"WebSite\",\"@id\":\"https:\\\/\\\/oaklandgrp.com\\\/#website\",\"url\":\"https:\\\/\\\/oaklandgrp.com\\\/\",\"name\":\"Oakland Group\",\"description\":\"Asset Your Business Data\",\"publisher\":{\"@id\":\"https:\\\/\\\/oaklandgrp.com\\\/#organization\"},\"potentialAction\":[{\"@type\":\"SearchAction\",\"target\":{\"@type\":\"EntryPoint\",\"urlTemplate\":\"https:\\\/\\\/oaklandgrp.com\\\/?s={search_term_string}\"},\"query-input\":{\"@type\":\"PropertyValueSpecification\",\"valueRequired\":true,\"valueName\":\"search_term_string\"}}],\"inLanguage\":\"fr-FR\"},{\"@type\":\"Organization\",\"@id\":\"https:\\\/\\\/oaklandgrp.com\\\/#organization\",\"name\":\"Oakland Group\",\"url\":\"https:\\\/\\\/oaklandgrp.com\\\/\",\"logo\":{\"@type\":\"ImageObject\",\"inLanguage\":\"fr-FR\",\"@id\":\"https:\\\/\\\/oaklandgrp.com\\\/#\\\/schema\\\/logo\\\/image\\\/\",\"url\":\"\",\"contentUrl\":\"\",\"caption\":\"Oakland Group\"},\"image\":{\"@id\":\"https:\\\/\\\/oaklandgrp.com\\\/#\\\/schema\\\/logo\\\/image\\\/\"}}]}<\/script>\n<!-- \/ Yoast SEO plugin. -->","yoast_head_json":{"title":"OAKleaf - OAKland Group","description":"Based on our successful experience in certain markets, OAKleaf has chosen to develop highly targeted approaches to best meet your challenges.","robots":{"index":"index","follow":"follow","max-snippet":"max-snippet:-1","max-image-preview":"max-image-preview:large","max-video-preview":"max-video-preview:-1"},"canonical":"https:\/\/oaklandgrp.com\/fr\/dedicated-approach\/","og_locale":"fr_FR","og_type":"article","og_title":"OAKleaf - OAKland Group","og_description":"Based on our successful experience in certain markets, OAKleaf has chosen to develop highly targeted approaches to best meet your challenges.","og_url":"https:\/\/oaklandgrp.com\/fr\/dedicated-approach\/","og_site_name":"Oakland Group","article_modified_time":"2025-01-06T10:42:11+00:00","og_image":[{"width":1200,"height":675,"url":"https:\/\/oaklandgrp.com\/wp-content\/uploads\/2023\/11\/Logo-Kim-sans-posi-copie.png","type":"image\/png"}],"twitter_card":"summary_large_image","twitter_misc":{"Dur\u00e9e de lecture estim\u00e9e":"4 minutes"},"schema":{"@context":"https:\/\/schema.org","@graph":[{"@type":"WebPage","@id":"https:\/\/oaklandgrp.com\/fr\/dedicated-approach\/","url":"https:\/\/oaklandgrp.com\/fr\/dedicated-approach\/","name":"OAKleaf - OAKland Group","isPartOf":{"@id":"https:\/\/oaklandgrp.com\/#website"},"datePublished":"2022-03-16T16:51:42+00:00","dateModified":"2025-01-06T10:42:11+00:00","description":"Based on our successful experience in certain markets, OAKleaf has chosen to develop highly targeted approaches to best meet your challenges.","breadcrumb":{"@id":"https:\/\/oaklandgrp.com\/fr\/dedicated-approach\/#breadcrumb"},"inLanguage":"fr-FR","potentialAction":[{"@type":"ReadAction","target":["https:\/\/oaklandgrp.com\/fr\/dedicated-approach\/"]}]},{"@type":"BreadcrumbList","@id":"https:\/\/oaklandgrp.com\/fr\/dedicated-approach\/#breadcrumb","itemListElement":[{"@type":"ListItem","position":1,"name":"Home","item":"https:\/\/oaklandgrp.com\/fr\/"},{"@type":"ListItem","position":2,"name":"Une approche d\u00e9di\u00e9e"}]},{"@type":"WebSite","@id":"https:\/\/oaklandgrp.com\/#website","url":"https:\/\/oaklandgrp.com\/","name":"Oakland Group","description":"Asset Your Business Data","publisher":{"@id":"https:\/\/oaklandgrp.com\/#organization"},"potentialAction":[{"@type":"SearchAction","target":{"@type":"EntryPoint","urlTemplate":"https:\/\/oaklandgrp.com\/?s={search_term_string}"},"query-input":{"@type":"PropertyValueSpecification","valueRequired":true,"valueName":"search_term_string"}}],"inLanguage":"fr-FR"},{"@type":"Organization","@id":"https:\/\/oaklandgrp.com\/#organization","name":"Oakland Group","url":"https:\/\/oaklandgrp.com\/","logo":{"@type":"ImageObject","inLanguage":"fr-FR","@id":"https:\/\/oaklandgrp.com\/#\/schema\/logo\/image\/","url":"","contentUrl":"","caption":"Oakland Group"},"image":{"@id":"https:\/\/oaklandgrp.com\/#\/schema\/logo\/image\/"}}]}},"_links":{"self":[{"href":"https:\/\/oaklandgrp.com\/fr\/wp-json\/wp\/v2\/pages\/2568","targetHints":{"allow":["GET"]}}],"collection":[{"href":"https:\/\/oaklandgrp.com\/fr\/wp-json\/wp\/v2\/pages"}],"about":[{"href":"https:\/\/oaklandgrp.com\/fr\/wp-json\/wp\/v2\/types\/page"}],"author":[{"embeddable":true,"href":"https:\/\/oaklandgrp.com\/fr\/wp-json\/wp\/v2\/users\/1"}],"replies":[{"embeddable":true,"href":"https:\/\/oaklandgrp.com\/fr\/wp-json\/wp\/v2\/comments?post=2568"}],"version-history":[{"count":7,"href":"https:\/\/oaklandgrp.com\/fr\/wp-json\/wp\/v2\/pages\/2568\/revisions"}],"predecessor-version":[{"id":2738,"href":"https:\/\/oaklandgrp.com\/fr\/wp-json\/wp\/v2\/pages\/2568\/revisions\/2738"}],"wp:attachment":[{"href":"https:\/\/oaklandgrp.com\/fr\/wp-json\/wp\/v2\/media?parent=2568"}],"curies":[{"name":"wp","href":"https:\/\/api.w.org\/{rel}","templated":true}]}}